{"id":1000,"date":"2024-05-09T09:59:24","date_gmt":"2024-05-09T09:59:24","guid":{"rendered":"https:\/\/biofarmcheck.com\/legal-notice\/"},"modified":"2024-05-15T08:43:42","modified_gmt":"2024-05-15T08:43:42","slug":"legal-notice","status":"publish","type":"page","link":"https:\/\/biofarmcheck.com\/ca\/legal-notice\/","title":{"rendered":"Av\u00eds Legal"},"content":{"rendered":"\n<p>El present Av\u00eds Legal regula l\u2019 \u00fas del servei del portal d\u2019 Internet amb <strong><strong><strong><strong><strong><strong>https:\/\/nunasolutions.com\/<\/strong><\/strong><\/strong><\/strong><\/strong><\/strong> el responsable del qual a efectes identificatius \u00e9s: <\/p>\n\n<ul class=\"wp-block-list\">\n<li>Responsable: <strong><strong><strong><strong><strong><strong><strong>by-nunaSolutions, sl<\/strong><\/strong><\/strong><\/strong><\/strong><\/strong><\/strong>(CIF: B65573784)<\/li>\n\n\n\n<li>Correu: <a href=\"mailto:info@nunasolutions.com\">info@nunasolutions.com<\/a><\/li>\n<\/ul>\n\n<h2 class=\"wp-block-heading\"><strong>Legislaci\u00f3<\/strong><\/h2>\n\n<p>Amb car\u00e0cter general les relacions entre<strong><strong><strong><strong><strong><strong><strong>by-nunaSolutions, sl<\/strong><\/strong><\/strong><\/strong><\/strong><\/strong><\/strong> amb els Usuaris dels seus serveis telem\u00e0tics, presents a la Web, es troben sotmeses a la legislaci\u00f3 i jurisdicci\u00f3 espanyoles.<\/p>\n\n<p>Les parts renuncien expressament al fur que els pogu\u00e9s correspondre i sotmeten expressament als Jutjats i Tribunals del VENDRELL, per resoldre qualsevol controv\u00e8rsia que pugui sorgir en la interpretaci\u00f3 o execuci\u00f3 de les presents condicions contractuals.<\/p>\n\n<h2 class=\"wp-block-heading\"><strong>Contingut i \u00fas<\/strong><\/h2>\n\n<p>L\u2019Usuari queda informat, i accepta, que l\u2019acc\u00e9s a la present web no suposa, de cap manera, l\u2019inici d\u2019una relaci\u00f3 comercial amb <strong><strong><strong><strong><strong><strong><strong>by-nunaSolutions, sl<\/strong><\/strong><\/strong><\/strong><\/strong><\/strong><\/strong><\/p>\n\n<p>El titular del Web no s\u2019identifica amb les opinions abocades en el mateix pels seus col\u00b7laboradors. L\u2019 empresa es reserva el dret d\u2019 efectuar sense previ av\u00eds les modificacions que consideri oportunes en el seu Web, podent canviar, suprimir o afegir tant els continguts i serveis que es prestin a trav\u00e9s de la mateixa com la forma en la qual aquests apareguin presentats o localitzats en els seus servidors. <\/p>\n\n<h2 class=\"wp-block-heading\"><strong>Propietat intel\u00b7lectual i industrial<\/strong><\/h2>\n\n<p><strong><strong><strong><strong><strong><strong>by-nunaSolutions, sl<\/strong><\/strong><\/strong><\/strong><\/strong><\/strong>es reserva la possibilitat d\u2019exercir les accions judicials que corresponguin contra els usuaris que violin o infringeixin els drets de propietat intel\u00b7lectual. <strong><strong><strong><strong><strong><strong>by-nunaSolutions, sl<\/strong><\/strong><\/strong><\/strong><\/strong>.<\/strong> El nom comercial, les marques, logo, productes i serveis que cont\u00e9 aquest website es troben protegits per llei.<\/p>\n\n<p>El contingut d\u2019aquest website pot ser descarregat al terminal de l\u2019usuari (download), sempre que sigui per al seu \u00fas privat i sense cap fi comercial; per tant, no podr\u00e0 explotar, reproduir, distribuir, modificar, comunicar p\u00fablicament, cedir, transformar o usar el contingut d\u2019aquest website amb finalitats p\u00fabliques o comercials.<\/p>\n\n<p>El nom comercial, les marques, logo, productes i serveis que cont\u00e9 aquest website es troben protegits per llei.<\/p>\n\n<p><strong><strong><strong><strong><strong><strong><strong>by-nunaSolutions, sl<\/strong><\/strong><\/strong><\/strong><\/strong><\/strong><\/strong>es reserva la possibilitat d\u2019exercir les accions judicials que corresponguin contra els usuaris que violin o infringeixin els drets de propietat intel\u00b7lectual..<\/p>\n\n<h2 class=\"wp-block-heading\"><strong>Enlla\u00e7os (Links)<\/strong><\/h2>\n\n<p>La pres\u00e8ncia d\u2019enlla\u00e7os (links) a les p\u00e0gines web de <strong><strong><strong><strong><strong><strong>by-nunaSolutions, sl<\/strong><\/strong><\/strong><\/strong><\/strong><\/strong>, t\u00e9 finalitat merament informativa i en cap cas suposa suggeriment, invitaci\u00f3 o recomanaci\u00f3 sobre els mateixos.<\/p>\n","protected":false},"excerpt":{"rendered":"<p>El present Av\u00eds Legal regula l\u2019 \u00fas del servei del portal d\u2019 Internet amb https:\/\/nunasolutions.com\/ el responsable del qual a efectes identificatius \u00e9s: Legislaci\u00f3 Amb car\u00e0cter general les relacions entreby-nunaSolutions, sl amb els Usuaris dels seus serveis telem\u00e0tics, presents a la Web, es troben sotmeses a la legislaci\u00f3 i jurisdicci\u00f3 espanyoles. Les parts renuncien expressament [&hellip;]<\/p>\n","protected":false},"author":1,"featured_media":0,"parent":0,"menu_order":0,"comment_status":"closed","ping_status":"closed","template":"","meta":{"footnotes":""},"class_list":["post-1000","page","type-page","status-publish","hentry"],"_links":{"self":[{"href":"https:\/\/biofarmcheck.com\/ca\/wp-json\/wp\/v2\/pages\/1000","targetHints":{"allow":["GET"]}}],"collection":[{"href":"https:\/\/biofarmcheck.com\/ca\/wp-json\/wp\/v2\/pages"}],"about":[{"href":"https:\/\/biofarmcheck.com\/ca\/wp-json\/wp\/v2\/types\/page"}],"author":[{"embeddable":true,"href":"https:\/\/biofarmcheck.com\/ca\/wp-json\/wp\/v2\/users\/1"}],"replies":[{"embeddable":true,"href":"https:\/\/biofarmcheck.com\/ca\/wp-json\/wp\/v2\/comments?post=1000"}],"version-history":[{"count":3,"href":"https:\/\/biofarmcheck.com\/ca\/wp-json\/wp\/v2\/pages\/1000\/revisions"}],"predecessor-version":[{"id":1064,"href":"https:\/\/biofarmcheck.com\/ca\/wp-json\/wp\/v2\/pages\/1000\/revisions\/1064"}],"wp:attachment":[{"href":"https:\/\/biofarmcheck.com\/ca\/wp-json\/wp\/v2\/media?parent=1000"}],"curies":[{"name":"wp","href":"https:\/\/api.w.org\/{rel}","templated":true}]}}