{"id":921,"date":"2024-04-25T15:33:57","date_gmt":"2024-04-25T15:33:57","guid":{"rendered":"https:\/\/biofarmcheck.com\/noticies\/"},"modified":"2024-07-24T16:28:17","modified_gmt":"2024-07-24T16:28:17","slug":"noticies","status":"publish","type":"page","link":"https:\/\/biofarmcheck.com\/ca\/noticies\/","title":{"rendered":"Not\u00edcies"},"content":{"rendered":"\t\t<div data-elementor-type=\"wp-page\" data-elementor-id=\"921\" class=\"elementor elementor-921 elementor-159\" data-elementor-post-type=\"page\">\n\t\t\t\t<div class=\"elementor-element elementor-element-4053e1a e-con-full e-flex e-con e-parent\" data-id=\"4053e1a\" data-element_type=\"container\" data-settings=\"{&quot;background_background&quot;:&quot;classic&quot;}\">\n\t\t\t\t<div class=\"elementor-element elementor-element-b00652d elementor-widget elementor-widget-heading\" data-id=\"b00652d\" data-element_type=\"widget\" data-widget_type=\"heading.default\">\n\t\t\t\t<div class=\"elementor-widget-container\">\n\t\t\t<style>\/*! elementor - v3.21.0 - 18-04-2024 *\/\n.elementor-heading-title{padding:0;margin:0;line-height:1}.elementor-widget-heading .elementor-heading-title[class*=elementor-size-]>a{color:inherit;font-size:inherit;line-height:inherit}.elementor-widget-heading .elementor-heading-title.elementor-size-small{font-size:15px}.elementor-widget-heading .elementor-heading-title.elementor-size-medium{font-size:19px}.elementor-widget-heading .elementor-heading-title.elementor-size-large{font-size:29px}.elementor-widget-heading .elementor-heading-title.elementor-size-xl{font-size:39px}.elementor-widget-heading .elementor-heading-title.elementor-size-xxl{font-size:59px}<\/style><h2 class=\"elementor-heading-title elementor-size-default\">Not\u00edcies<\/h2>\t\t<\/div>\n\t\t\t\t<\/div>\n\t\t\t\t<div class=\"elementor-element elementor-element-3252cf5 elementor-grid-3 elementor-grid-tablet-2 elementor-grid-mobile-1 elementor-posts--thumbnail-top elementor-widget elementor-widget-posts\" data-id=\"3252cf5\" data-element_type=\"widget\" data-settings=\"{&quot;classic_columns&quot;:&quot;3&quot;,&quot;classic_columns_tablet&quot;:&quot;2&quot;,&quot;classic_columns_mobile&quot;:&quot;1&quot;,&quot;classic_row_gap&quot;:{&quot;unit&quot;:&quot;px&quot;,&quot;size&quot;:35,&quot;sizes&quot;:[]},&quot;classic_row_gap_tablet&quot;:{&quot;unit&quot;:&quot;px&quot;,&quot;size&quot;:&quot;&quot;,&quot;sizes&quot;:[]},&quot;classic_row_gap_mobile&quot;:{&quot;unit&quot;:&quot;px&quot;,&quot;size&quot;:&quot;&quot;,&quot;sizes&quot;:[]}}\" data-widget_type=\"posts.classic\">\n\t\t\t\t<div class=\"elementor-widget-container\">\n\t\t\t<link rel=\"stylesheet\" href=\"https:\/\/biofarmcheck.com\/wp-content\/plugins\/elementor-pro\/assets\/css\/widget-posts.min.css\">\t\t<div class=\"elementor-posts-container elementor-posts elementor-posts--skin-classic elementor-grid\">\n\t\t\t\t<article class=\"elementor-post elementor-grid-item post-1338 post type-post status-publish format-standard has-post-thumbnail hentry category-uncategorized-ca\">\n\t\t\t\t<a class=\"elementor-post__thumbnail__link\" href=\"https:\/\/biofarmcheck.com\/ca\/siavs-2024-international-animal-protein-salon-sao-paulo\/\" tabindex=\"-1\" >\n\t\t\t<div class=\"elementor-post__thumbnail\"><img fetchpriority=\"high\" decoding=\"async\" width=\"300\" height=\"244\" src=\"https:\/\/biofarmcheck.com\/wp-content\/uploads\/2024\/07\/2024-08-SIAVS-Sao-Paulo-300x244.jpg\" class=\"attachment-medium size-medium wp-image-1377\" alt=\"\" srcset=\"https:\/\/biofarmcheck.com\/wp-content\/uploads\/2024\/07\/2024-08-SIAVS-Sao-Paulo-300x244.jpg 300w, https:\/\/biofarmcheck.com\/wp-content\/uploads\/2024\/07\/2024-08-SIAVS-Sao-Paulo-1024x833.jpg 1024w, https:\/\/biofarmcheck.com\/wp-content\/uploads\/2024\/07\/2024-08-SIAVS-Sao-Paulo-768x625.jpg 768w, https:\/\/biofarmcheck.com\/wp-content\/uploads\/2024\/07\/2024-08-SIAVS-Sao-Paulo.jpg 1251w\" sizes=\"(max-width: 300px) 100vw, 300px\" \/><\/div>\n\t\t<\/a>\n\t\t\t\t<div class=\"elementor-post__text\">\n\t\t\t\t<h3 class=\"elementor-post__title\">\n\t\t\t<a href=\"https:\/\/biofarmcheck.com\/ca\/siavs-2024-international-animal-protein-salon-sao-paulo\/\" >\n\t\t\t\tSIAVS 2024 Sal\u00f3 Internacional de Prote\u00efna Animal (S\u00e3o Paulo)\t\t\t<\/a>\n\t\t<\/h3>\n\t\t\t\t<div class=\"elementor-post__meta-data\">\n\t\t\t\t\t<span class=\"elementor-post-date\">\n\t\t\tjuliol 24, 2024\t\t<\/span>\n\t\t\t\t<\/div>\n\t\t\t\t<div class=\"elementor-post__excerpt\">\n\t\t\t<p>Del 6 al 8 d\u2019agost de 2024 presentem BiofarmCheck a SIAVS 2024, el Sal\u00f3 Internacional d\u2019Avicultura i Porcicultura promogut per l\u2019Associaci\u00f3 Brasilera de Prote\u00efna Animal<\/p>\n\t\t<\/div>\n\t\t\n\t\t<a class=\"elementor-post__read-more\" href=\"https:\/\/biofarmcheck.com\/ca\/siavs-2024-international-animal-protein-salon-sao-paulo\/\" aria-label=\"Read more about SIAVS 2024 Sal\u00f3 Internacional de Prote\u00efna Animal (S\u00e3o Paulo)\" tabindex=\"-1\" >\n\t\t\tLlegir m\u00e9s \u00bb\t\t<\/a>\n\n\t\t\t\t<\/div>\n\t\t\t\t<\/article>\n\t\t\t\t<article class=\"elementor-post elementor-grid-item post-1160 post type-post status-publish format-standard has-post-thumbnail hentry category-uncategorized-ca\">\n\t\t\t\t<a class=\"elementor-post__thumbnail__link\" href=\"https:\/\/biofarmcheck.com\/ca\/porkexpo-latam-2023\/\" tabindex=\"-1\" >\n\t\t\t<div class=\"elementor-post__thumbnail\"><img decoding=\"async\" width=\"300\" height=\"244\" src=\"https:\/\/biofarmcheck.com\/wp-content\/uploads\/2024\/05\/stand-sim-1024x833-1-300x244.jpg\" class=\"attachment-medium size-medium wp-image-429\" alt=\"\" srcset=\"https:\/\/biofarmcheck.com\/wp-content\/uploads\/2024\/05\/stand-sim-1024x833-1-300x244.jpg 300w, https:\/\/biofarmcheck.com\/wp-content\/uploads\/2024\/05\/stand-sim-1024x833-1-768x625.jpg 768w, https:\/\/biofarmcheck.com\/wp-content\/uploads\/2024\/05\/stand-sim-1024x833-1.jpg 1024w\" sizes=\"(max-width: 300px) 100vw, 300px\" \/><\/div>\n\t\t<\/a>\n\t\t\t\t<div class=\"elementor-post__text\">\n\t\t\t\t<h3 class=\"elementor-post__title\">\n\t\t\t<a href=\"https:\/\/biofarmcheck.com\/ca\/porkexpo-latam-2023\/\" >\n\t\t\t\tPORKEXPO LATAM 2023\t\t\t<\/a>\n\t\t<\/h3>\n\t\t\t\t<div class=\"elementor-post__meta-data\">\n\t\t\t\t\t<span class=\"elementor-post-date\">\n\t\t\tjuny 27, 2023\t\t<\/span>\n\t\t\t\t<\/div>\n\t\t\t\t<div class=\"elementor-post__excerpt\">\n\t\t\t<p>PORKEXPO LATAM 2023 Del 7 al 9 de Novembre de 2023 presentem BiofarmCheck a PorkExpo Latam, un dels events m\u00e9s prestigiosos i consolidats del sector<\/p>\n\t\t<\/div>\n\t\t\n\t\t<a class=\"elementor-post__read-more\" href=\"https:\/\/biofarmcheck.com\/ca\/porkexpo-latam-2023\/\" aria-label=\"Read more about PORKEXPO LATAM 2023\" tabindex=\"-1\" >\n\t\t\tLlegir m\u00e9s \u00bb\t\t<\/a>\n\n\t\t\t\t<\/div>\n\t\t\t\t<\/article>\n\t\t\t\t<article class=\"elementor-post elementor-grid-item post-1142 post type-post status-publish format-standard has-post-thumbnail hentry category-uncategorized-ca\">\n\t\t\t\t<a class=\"elementor-post__thumbnail__link\" href=\"https:\/\/biofarmcheck.com\/ca\/xv-simposio-de-porcicultura-del-sur-de-brasil\/\" tabindex=\"-1\" >\n\t\t\t<div class=\"elementor-post__thumbnail\"><img decoding=\"async\" width=\"300\" height=\"141\" src=\"https:\/\/biofarmcheck.com\/wp-content\/uploads\/2024\/05\/LOGO-SIMPOSIO-2-300x141.jpg\" class=\"attachment-medium size-medium wp-image-424\" alt=\"\" srcset=\"https:\/\/biofarmcheck.com\/wp-content\/uploads\/2024\/05\/LOGO-SIMPOSIO-2-300x141.jpg 300w, https:\/\/biofarmcheck.com\/wp-content\/uploads\/2024\/05\/LOGO-SIMPOSIO-2.jpg 710w\" sizes=\"(max-width: 300px) 100vw, 300px\" \/><\/div>\n\t\t<\/a>\n\t\t\t\t<div class=\"elementor-post__text\">\n\t\t\t\t<h3 class=\"elementor-post__title\">\n\t\t\t<a href=\"https:\/\/biofarmcheck.com\/ca\/xv-simposio-de-porcicultura-del-sur-de-brasil\/\" >\n\t\t\t\tXV Simposio de Porcicultura del Sur de Brasil\t\t\t<\/a>\n\t\t<\/h3>\n\t\t\t\t<div class=\"elementor-post__meta-data\">\n\t\t\t\t\t<span class=\"elementor-post-date\">\n\t\t\tjuny 27, 2023\t\t<\/span>\n\t\t\t\t<\/div>\n\t\t\t\t<div class=\"elementor-post__excerpt\">\n\t\t\t<p>Els informem que Nunasolutions visitar\u00e0 el XV Simposi de Porcicultura del Sud del Brasil (SBSS), patrocinat pel Centre Occidental de Veterinaris i Zootecnistes (Nucleovet), que<\/p>\n\t\t<\/div>\n\t\t\n\t\t<a class=\"elementor-post__read-more\" href=\"https:\/\/biofarmcheck.com\/ca\/xv-simposio-de-porcicultura-del-sur-de-brasil\/\" aria-label=\"Read more about XV Simposio de Porcicultura del Sur de Brasil\" tabindex=\"-1\" >\n\t\t\tLlegir m\u00e9s \u00bb\t\t<\/a>\n\n\t\t\t\t<\/div>\n\t\t\t\t<\/article>\n\t\t\t\t<article class=\"elementor-post elementor-grid-item post-1132 post type-post status-publish format-standard has-post-thumbnail hentry category-uncategorized-ca\">\n\t\t\t\t<a class=\"elementor-post__thumbnail__link\" href=\"https:\/\/biofarmcheck.com\/ca\/nunasolutions-presenta-biofarmcheck-a-opormex-congreso-intercontinental-de-porcicultores-del-16-al-20-de-maig-de-2023-a-la-riviera-nayarit-mexic\/\" tabindex=\"-1\" >\n\t\t\t<div class=\"elementor-post__thumbnail\"><img loading=\"lazy\" decoding=\"async\" width=\"300\" height=\"244\" src=\"https:\/\/biofarmcheck.com\/wp-content\/uploads\/2024\/04\/Opormex23-simulacio-stand-Linkedin-1024x832-1-300x244.jpg\" class=\"attachment-medium size-medium wp-image-369\" alt=\"\" srcset=\"https:\/\/biofarmcheck.com\/wp-content\/uploads\/2024\/04\/Opormex23-simulacio-stand-Linkedin-1024x832-1-300x244.jpg 300w, https:\/\/biofarmcheck.com\/wp-content\/uploads\/2024\/04\/Opormex23-simulacio-stand-Linkedin-1024x832-1-768x624.jpg 768w, https:\/\/biofarmcheck.com\/wp-content\/uploads\/2024\/04\/Opormex23-simulacio-stand-Linkedin-1024x832-1.jpg 1024w\" sizes=\"(max-width: 300px) 100vw, 300px\" \/><\/div>\n\t\t<\/a>\n\t\t\t\t<div class=\"elementor-post__text\">\n\t\t\t\t<h3 class=\"elementor-post__title\">\n\t\t\t<a href=\"https:\/\/biofarmcheck.com\/ca\/nunasolutions-presenta-biofarmcheck-a-opormex-congreso-intercontinental-de-porcicultores-del-16-al-20-de-maig-de-2023-a-la-riviera-nayarit-mexic\/\" >\n\t\t\t\tNunaSolutions presenta BiofarmCheck a Opormex (Congreso Intercontinental de Porcicultores) del 16 al 20 de maig de 2023 a la Riviera Nayarit, M\u00e8xic.\t\t\t<\/a>\n\t\t<\/h3>\n\t\t\t\t<div class=\"elementor-post__meta-data\">\n\t\t\t\t\t<span class=\"elementor-post-date\">\n\t\t\tmaig 11, 2023\t\t<\/span>\n\t\t\t\t<\/div>\n\t\t\t\t<div class=\"elementor-post__excerpt\">\n\t\t\t<p>Opormex (Congreso Intercontinental de Porcicultores) \u00e9s un punt de trobada del sector que s\u2019est\u00e0 convertint en cita obligada entre productors i prove\u00efdors a l\u2019Am\u00e8rica Llatina.<\/p>\n\t\t<\/div>\n\t\t\n\t\t<a class=\"elementor-post__read-more\" href=\"https:\/\/biofarmcheck.com\/ca\/nunasolutions-presenta-biofarmcheck-a-opormex-congreso-intercontinental-de-porcicultores-del-16-al-20-de-maig-de-2023-a-la-riviera-nayarit-mexic\/\" aria-label=\"Read more about NunaSolutions presenta BiofarmCheck a Opormex (Congreso Intercontinental de Porcicultores) del 16 al 20 de maig de 2023 a la Riviera Nayarit, M\u00e8xic.\" tabindex=\"-1\" >\n\t\t\tLlegir m\u00e9s \u00bb\t\t<\/a>\n\n\t\t\t\t<\/div>\n\t\t\t\t<\/article>\n\t\t\t\t<\/div>\n\t\t\n\t\t\t\t<\/div>\n\t\t\t\t<\/div>\n\t\t\t\t<\/div>\n\t\t\t\t<\/div>\n\t\t","protected":false},"excerpt":{"rendered":"<p>Not\u00edcies<\/p>\n","protected":false},"author":1,"featured_media":0,"parent":0,"menu_order":0,"comment_status":"closed","ping_status":"closed","template":"elementor_header_footer","meta":{"footnotes":""},"class_list":["post-921","page","type-page","status-publish","hentry"],"_links":{"self":[{"href":"https:\/\/biofarmcheck.com\/ca\/wp-json\/wp\/v2\/pages\/921","targetHints":{"allow":["GET"]}}],"collection":[{"href":"https:\/\/biofarmcheck.com\/ca\/wp-json\/wp\/v2\/pages"}],"about":[{"href":"https:\/\/biofarmcheck.com\/ca\/wp-json\/wp\/v2\/types\/page"}],"author":[{"embeddable":true,"href":"https:\/\/biofarmcheck.com\/ca\/wp-json\/wp\/v2\/users\/1"}],"replies":[{"embeddable":true,"href":"https:\/\/biofarmcheck.com\/ca\/wp-json\/wp\/v2\/comments?post=921"}],"version-history":[{"count":1,"href":"https:\/\/biofarmcheck.com\/ca\/wp-json\/wp\/v2\/pages\/921\/revisions"}],"predecessor-version":[{"id":922,"href":"https:\/\/biofarmcheck.com\/ca\/wp-json\/wp\/v2\/pages\/921\/revisions\/922"}],"wp:attachment":[{"href":"https:\/\/biofarmcheck.com\/ca\/wp-json\/wp\/v2\/media?parent=921"}],"curies":[{"name":"wp","href":"https:\/\/api.w.org\/{rel}","templated":true}]}}