{"id":972,"date":"2024-05-06T14:49:23","date_gmt":"2024-05-06T14:49:23","guid":{"rendered":"https:\/\/biofarmcheck.com\/cookies-policy\/"},"modified":"2024-05-15T08:34:09","modified_gmt":"2024-05-15T08:34:09","slug":"cookies-policy","status":"publish","type":"page","link":"https:\/\/biofarmcheck.com\/ca\/cookies-policy\/","title":{"rendered":"Pol\u00edtica de Cookies"},"content":{"rendered":"\n<p>Aquest lloc web, fa servir Cookies per millorar i optimitzar l\u2019experi\u00e8ncia de l\u2019usuari. A continuaci\u00f3, trobar\u00e0s informaci\u00f3 detallada sobre qu\u00e8 s\u00f3n les \u201cCookies\u201d, quina tipologia utilitza aquest lloc web, com pots desactivar-les al teu navegador i com bloquejar espec\u00edficament la instal\u00b7laci\u00f3 de Cookies de tercers. <\/p>\n\n<p><strong>Qu\u00e8 s\u00f3n les Cookies i com les utilitzen el lloc web de by-nunaSolutions, sl?<\/strong><\/p>\n\n<p>Les Cookies s\u00f3n arxius que el lloc web o l\u2019aplicaci\u00f3 que utilitzes instal\u00b7la al teu navegador o al teu dispositiu (Smartphone, tauleta\u2026\u2026) durant el teu recorregut per les p\u00e0gines o per l\u2019aplicaci\u00f3, i serveixen per emmagatzemar informaci\u00f3 sobre la teva visita. Com la majoria dels llocs a internet, el portal web <strong><strong><strong>by-nunaSolutions, sl<\/strong><\/strong><\/strong> utilitzen Cookies per:  <\/p>\n\n<ol class=\"wp-block-list\">\n<li>Assegurar que les p\u00e0gines web poden funcionar correctament<\/li>\n\n\n\n<li>Emmagatzemar les seves prefer\u00e8ncies, com l\u2019idioma que has seleccionat o la mida de lletra.<\/li>\n\n\n\n<li>Con\u00e8ixer la teva experi\u00e8ncia de navegaci\u00f3.<\/li>\n\n\n\n<li>Recopilar informaci\u00f3 estad\u00edstica an\u00f2nima, com quines p\u00e0gines has vist o quant temps has estat als nostres mitjans.<\/li>\n<\/ol>\n\n<p>L\u2019\u00fas de Cookies ens permet optimitzar la seva navegaci\u00f3, adaptant la informaci\u00f3 i els serveis oferts als teus interessos, per proporcionar-te una millor experi\u00e8ncia sempre que ens visites. El lloc web de <strong><strong><strong>by-nunaSolutions, sl<\/strong><\/strong><\/strong> utilitza Cookies per funcionar, adaptar i facilitar al m\u00e0xim la navegaci\u00f3 de l\u2019Usuari. <\/p>\n\n<p>Les Cookies s\u2019associen \u00fanicament a un usuari an\u00f2nim i el seu ordinador\/dispositiu i no proporcionen refer\u00e8ncies que permetin con\u00e8ixer dades personals. En tot moment podr\u00e0s accedir a la configuraci\u00f3 del teu navegador per modificar i\/o bloquejar la instal\u00b7laci\u00f3 de les Cookies enviades pel lloc web de<strong><strong><strong>by-nunaSolutions, sl<\/strong><\/strong><\/strong> sense que aix\u00f2 impedeixi a l\u2019acc\u00e9s als continguts. Tanmateix, la qualitat del funcionament dels Serveis es pot veure afectada.  <\/p>\n\n<p>Els Usuaris que completin el proc\u00e9s de registre o hagin iniciat sessi\u00f3 amb les seves dades d\u2019 acc\u00e9s podran accedir a serveis personalitzats i adaptats a les seves prefer\u00e8ncies segons la informaci\u00f3 personal subministrada en el moment del registre i l\u2019 emmagatzemada a la Cookie del seu navegador.<\/p>\n\n<ol class=\"wp-block-list\">\n<li>Les cookies d\u2019autenticaci\u00f3 s\u00f3n per defecte cookies temporals (per sessions) no persistents, per\u00f2, els usuaris poden fer-la persistent marcant la casella \u201cRemember login\u201d en el control d\u2019acc\u00e9s. Per a usuaris registrats. <\/li>\n\n\n\n<li>Les cookies de sessi\u00f3, que es produeixen en lloar-se tenen una durada de 30 minuts des d\u2019\u00faltim per\u00edode d\u2019activitat. Per a usuaris registrats. <\/li>\n\n\n\n<li>Es crea una cookie anomenada \u201cllenguatge\u201d per emmagatzemar el llenguatge \u2013 en una instal\u00b7laci\u00f3 monoling\u00fces aix\u00f2 \u00e9s simplement l\u2019idioma per defecte del navegador, per\u00f2 si el lloc \u00e9s compatible amb diversos idiomes, llavors pot ser diferent segons l\u2019idioma seleccionat. Per a tot tipus d\u2019 usuaris. <\/li>\n<\/ol>\n\n<p><strong>Com puc configurar les meves Cookies?<\/strong><\/p>\n\n<ol class=\"wp-block-list\">\n<li>En navegar i continuar en el nostre Lloc Web estar\u00e0 consentint l\u2019\u00fas de les Cookies en les condicions contingudes en la present Pol\u00edtica de <strong><strong><strong>by-nunaSolutions, sl<\/strong><\/strong><\/strong>proporciona acc\u00e9s a aquesta Pol\u00edtica de Cookies en el moment del registre amb l\u2019objectiu que l\u2019usuari estigui informat, i sense perjudici que aquest pugui exercir el seu dret a bloquejar, eliminar i rebutjar l\u2019\u00fas de Cookies en tot moment. <\/li>\n\n\n\n<li>En qualsevol cas, l\u2019informem que, at\u00e8s que les Cookies no s\u00f3n necess\u00e0ries per a l\u2019\u00fas del nostre Lloc Web, pot bloquejar-les o deshabilitar-les activant la configuraci\u00f3 del seu navegador, que li permet rebutjar la instal\u00b7laci\u00f3 de totes les cookies o d\u2019algunes d\u2019elles. La pr\u00e0ctica majoria dels navegadors permeten advertir de la pres\u00e8ncia de Cookies o rebutjar-les autom\u00e0ticament. Si les rebutja podr\u00e0 continuar usant el nostre Lloc Web, encara que l\u2019\u00fas d\u2019alguns dels seus serveis podr\u00e0 ser limitat i per tant la seva experi\u00e8ncia en el nostre Lloc Web menys satisfact\u00f2ria.  <\/li>\n<\/ol>\n\n<p><strong>Com puc bloquejar o permetre les cookies?<\/strong><\/p>\n\n<p>L\u2019usuari podr\u00e0 -en qualsevol moment- triar quines cookies vol que funcionin en aquest lloc web mitjan\u00e7ant:<\/p>\n\n<ul class=\"wp-block-list\">\n<li>la configuraci\u00f3 del <strong>navegador<\/strong>; per exemple:\n<ul class=\"wp-block-list\">\n<li><strong>Chrome<\/strong>, des de <a href=\"http:\/\/support.google.com\/chrome\/bin\/answer.py?hl=es&amp;answer=95647\">http:\/\/support.google.com\/chrome\/bin\/answer.py?hl=es&amp;answer=95647<\/a><\/li>\n\n\n\n<li><strong>Explorer<\/strong>, des de <a href=\"http:\/\/windows.microsoft.com\/es-es\/windows7\/how-to-manage-cookies-in-internet-explorer-9\">http:\/\/windows.microsoft.com\/es-es\/windows7\/how-to-manage-cookies-in-internet-explorer-9 <\/a><\/li>\n\n\n\n<li><strong>Firefox<\/strong>, des de <a href=\"http:\/\/support.mozilla.org\/es\/kb\/habilitar-y-deshabilitar-cookies-que-los-sitios-we\">http:\/\/support.mozilla.org\/es\/kb\/habilitar-y-deshabilitar-cookies-que-los-sitios-we<\/a><\/li>\n\n\n\n<li><strong>Safari<\/strong>,des de<a href=\"http:\/\/support.apple.com\/kb\/ph5042\">http:\/\/support.apple.com\/kb\/ph5042<\/a><\/li>\n<\/ul>\n<\/li>\n\n\n\n<li>Hi ha eines de tercers, disponibles on line, que permeten als usuaris detectar les cookies a cada lloc web que visita i gestionar la seva desactivaci\u00f3.<\/li>\n<\/ul>\n","protected":false},"excerpt":{"rendered":"<p>Aquest lloc web, fa servir Cookies per millorar i optimitzar l\u2019experi\u00e8ncia de l\u2019usuari. A continuaci\u00f3, trobar\u00e0s informaci\u00f3 detallada sobre qu\u00e8 s\u00f3n les \u201cCookies\u201d, quina tipologia utilitza aquest lloc web, com pots desactivar-les al teu navegador i com bloquejar espec\u00edficament la instal\u00b7laci\u00f3 de Cookies de tercers. Qu\u00e8 s\u00f3n les Cookies i com les utilitzen el lloc [&hellip;]<\/p>\n","protected":false},"author":1,"featured_media":0,"parent":0,"menu_order":0,"comment_status":"closed","ping_status":"closed","template":"","meta":{"footnotes":""},"class_list":["post-972","page","type-page","status-publish","hentry"],"_links":{"self":[{"href":"https:\/\/biofarmcheck.com\/ca\/wp-json\/wp\/v2\/pages\/972","targetHints":{"allow":["GET"]}}],"collection":[{"href":"https:\/\/biofarmcheck.com\/ca\/wp-json\/wp\/v2\/pages"}],"about":[{"href":"https:\/\/biofarmcheck.com\/ca\/wp-json\/wp\/v2\/types\/page"}],"author":[{"embeddable":true,"href":"https:\/\/biofarmcheck.com\/ca\/wp-json\/wp\/v2\/users\/1"}],"replies":[{"embeddable":true,"href":"https:\/\/biofarmcheck.com\/ca\/wp-json\/wp\/v2\/comments?post=972"}],"version-history":[{"count":5,"href":"https:\/\/biofarmcheck.com\/ca\/wp-json\/wp\/v2\/pages\/972\/revisions"}],"predecessor-version":[{"id":1054,"href":"https:\/\/biofarmcheck.com\/ca\/wp-json\/wp\/v2\/pages\/972\/revisions\/1054"}],"wp:attachment":[{"href":"https:\/\/biofarmcheck.com\/ca\/wp-json\/wp\/v2\/media?parent=972"}],"curies":[{"name":"wp","href":"https:\/\/api.w.org\/{rel}","templated":true}]}}