{"id":988,"date":"2024-05-09T09:26:42","date_gmt":"2024-05-09T09:26:42","guid":{"rendered":"https:\/\/biofarmcheck.com\/privacy-policy\/"},"modified":"2024-05-15T08:47:00","modified_gmt":"2024-05-15T08:47:00","slug":"privacy-policy","status":"publish","type":"page","link":"https:\/\/biofarmcheck.com\/ca\/privacy-policy\/","title":{"rendered":"Pol\u00edtica de Privacitat"},"content":{"rendered":"\n<p>La present Pol\u00edtica de Privacitat regula l\u2019 \u00fas del servei del portal d\u2019 Internet amb <a href=\"https:\/\/biofarmcheck.com\/ca\/\">https:\/\/biofarmcheck.com\/<\/a> el responsable del qual a efectes identificatius \u00e9s:<\/p>\n\n<ul class=\"wp-block-list\">\n<li>Responsable: <strong><strong><strong><strong><strong><strong><strong>by-nunaSolutions, sl<\/strong><\/strong><\/strong><\/strong><\/strong><\/strong><\/strong> (CIF: B65573784)<\/li>\n\n\n\n<li>Correu: <a href=\"mailto:info@nunasolutions.com\">info@nunasolutions.com<\/a><\/li>\n<\/ul>\n\n<h2 class=\"wp-block-heading\"><strong>Finalitat, per a qu\u00e8 tractem les seves dades?<\/strong><\/h2>\n\n<p>A l\u2019efecte del que preveu el RGPD de 27 d\u2019abril de 2016, i la LO 3\/2018, tractarem les dades que recollim per a les seg\u00fcents finalitats:<\/p>\n\n<ul class=\"wp-block-list\">\n<li>Contactar amb vost\u00e8 en cas que aix\u00ed ens ho demani.<\/li>\n\n\n\n<li>Gestionar la seva navegaci\u00f3 a la web, si s\u2019escau.<\/li>\n\n\n\n<li>Gestionar el seu acc\u00e9s com a usuari.<\/li>\n<\/ul>\n\n<p>L\u2019 emplenament del formulari de registre ser\u00e0 obligat\u00f2ria per accedir i gaudir de determinats serveis oferts al web. No facilitar les dades personals sol\u00b7licitades o el no acceptar la present pol\u00edtica de privacitat de dades suposa la impossibilitat de registrar-se, subscriure\u2019s o participar en qualsevol de les promocions en les quals se sol\u00b7licitin dades personal. <\/p>\n\n<h2 class=\"wp-block-heading\"><strong>Legitimaci\u00f3, quina \u00e9s la legitimaci\u00f3 per al tractament de les seves dades?<\/strong><\/h2>\n\n<p>La base legal per al tractament de les seves dades es basar\u00e0 en:<\/p>\n\n<ol class=\"wp-block-list\">\n<li>El consentiment de l\u2019 interessat, per al tractament de les seves dades, conforme l\u2019 article 6. 1. a) del Reglament General Europeu de Protecci\u00f3 de Dades. En dicho caso se recaba el consentimiento y el acuerdo celebrado con los En aquest cas es recapta el consentiment i l\u2019acord celebrat amb els interessats a trav\u00e9s del formulari de contacte, habilitat l\u2019usuari la casella <em><u>\u201cHe llegit i accepto la Pol\u00edtica de Privacitat\u201d.<br\/><\/u><\/em><\/li>\n\n\n\n<li>La necess\u00e0ria execuci\u00f3 d\u2019 un contracte en el qual l\u2019 interessat \u00e9s part o per a l\u2019 aplicaci\u00f3 a petici\u00f3 d\u2019 aquest de mesures precontractuals, conforme l\u2019 article 6. 1. b) del Reglament General Europeu de Protecci\u00f3 de Dades.<\/li>\n<\/ol>\n\n<h2 class=\"wp-block-heading\"><strong>Destinataris, a qui comuniquem les teves dades?<\/strong><\/h2>\n\n<p>Les dades personals no seran objecte de cessi\u00f3 llevat del compliment d\u2019 obligacions legalment establertes o per donar suport als serveis vinculats a aquest tractament.<\/p>\n\n<h2 class=\"wp-block-heading\"><strong>Conservaci\u00f3, durant quant temps conservem les teves dades?<\/strong><\/h2>\n\n<p>Conservarem les seves dades de car\u00e0cter personal durant almenys 5 anys en cas que sigui client i per a l\u2019 estricte compliment de les obligacions legals establertes en la normativa.<\/p>\n\n<p>En cas de no ser client conservarem les seves dades el m\u00ednim temps indispensable per gestionar la nostra relaci\u00f3.<\/p>\n\n<h2 class=\"wp-block-heading\"><strong>Drets, quins s\u00f3n els teus drets quan ens facilites les teves dades?<\/strong><\/h2>\n\n<p>Com a conseq\u00fc\u00e8ncia del tractament de les seves dades personals per part de <strong><strong><strong><strong><strong><strong><strong>by-nunaSolutions, sl<\/strong><\/strong><\/strong><\/strong><\/strong><\/strong><\/strong> la legislaci\u00f3 vigent li atorga una s\u00e8rie de drets. A continuaci\u00f3, li oferim una explicaci\u00f3 resumida de cada dret, per facilitar-li el seu exercici: <\/p>\n\n<ul class=\"wp-block-list\">\n<li><strong>Dret d\u2019 acc\u00e9s<\/strong>: tindr\u00e0 dret a con\u00e8ixer les dades personals que tractem sobre vost\u00e8 i les finalitats amb qu\u00e8 les tractem.  <\/li>\n\n\n\n<li><strong>Dret de rectificaci\u00f3<\/strong>: Les seves dades sempre seran seves, i com a tal, pot sol\u00b7licitar-nos la rectificaci\u00f3 dels mateixos en qualsevol moment si els que constessin en els nostres registres fossin erronis.<\/li>\n\n\n\n<li><strong>Dret de supressi\u00f3<\/strong>: Podr\u00e0 demanar, en qualsevol moment, que les seves dades personals siguin suprimides dels nostres fitxers. Tanmateix, i tal com indiquem en l\u2019 apartat de conservaci\u00f3 de dades anterior, tingui en compte que, en determinades circumst\u00e0ncies el compliment de la legislaci\u00f3 vigent pot impedir l\u2019 efectiu exercici d\u2019 aquest dret. <\/li>\n\n\n\n<li><strong>Dret d\u2019 oposici\u00f3<\/strong>: vost\u00e8 podr\u00e0 oposar-se al tractament de les seves dades en relaci\u00f3 amb qualsevol de les finalitats amb qu\u00e8 tractem les seves dades, d\u2019 acord amb les pol\u00edtiques de privacitat aplicables en cada cas. <\/li>\n\n\n\n<li><strong>Dret a la portabilitat de les seves dades<\/strong>: tindr\u00e0 dret a, sempre que sigui possible t\u00e8cnicament i sigui raonable, demanar que les dades personals que vost\u00e8 ens hagi proporcionat directament a un altre responsable del tractament. Si ens \u00e9s possible, facilitarem directament les seves dades a aquest altre responsable del tractament, per\u00f2 si no ho fos, se\u2019ls facilitarem a vost\u00e8 en un format est\u00e0ndard.    <\/li>\n\n\n\n<li><strong>Dret de limitaci\u00f3 del tractament<\/strong>: vost\u00e8 podr\u00e0 demanar la limitaci\u00f3 del tractament en els seg\u00fcents casos: \n<ul class=\"wp-block-list\">\n<li>Si considera que les dades que mantenim sobre vost\u00e8 no s\u00f3n correctes o exactes; <\/li>\n\n\n\n<li>Si, en cas que vost\u00e8 consideri que no estem tractant les seves dades de forma leg\u00edtima, per\u00f2 prefereix que limitem el tractament dels mateixos a la seva eliminaci\u00f3; <\/li>\n\n\n\n<li>Si les dades que mantenim ja no ens s\u00f3n necess\u00e0ries conforme a la finalitat per a les quals les recaiem, per\u00f2 necessita que les conservem per interposar reclamacions legals;<\/li>\n\n\n\n<li>Si, havent exercit el dret d\u2019 oposici\u00f3 a algun tractament, est\u00e0 pendent de resposta al respecte per la nostra part.<\/li>\n<\/ul>\n<\/li>\n\n\n\n<li><strong>Dret a la portabilitat de les seves dades<\/strong>: tindr\u00e0 dret a, sempre que sigui possible t\u00e8cnicament i sigui raonable, demanar que les dades personals que vost\u00e8 ens hagi proporcionat directament a un altre responsable del tractament. Si ens \u00e9s possible, facilitarem directament les seves dades a aquest altre responsable del tractament, per\u00f2 si no ho fos, se\u2019ls facilitarem a vost\u00e8 en un format est\u00e0ndard.    <\/li>\n<\/ul>\n\n<p>Sempre que tractem les seves dades en base al consentiment, podr\u00e0 revocar-lo en qualsevol moment, sense que tingui conseq\u00fc\u00e8ncies per a vost\u00e8 m\u00e9s enll\u00e0 de, segons el dret exercit, no poder prestar-li determinats serveis. <\/p>\n\n<p>L\u2019 exercici dels drets que ostenta podr\u00e0 fer-lo efectiu dirigint-se a <strong><strong><strong><strong><strong><strong><strong>by-nunaSolutions, sl<\/strong><\/strong><\/strong><\/strong><\/strong><\/strong><\/strong> a trav\u00e9s d\u2019 algun dels seg\u00fcents mitjans:<\/p>\n\n<ol class=\"wp-block-list\">\n<li>Mitjan\u00e7ant correu electr\u00f2nic adre\u00e7at a: <a href=\"mailto:einfo@dmri.es\">info@nunasolutions.com<\/a><\/li>\n\n\n\n<li>Correu postal adre\u00e7at al corresponent Responsable del Tractament. electr\u00f2nic (contemplat a l\u2019encap\u00e7alament del document). <\/li>\n<\/ol>\n\n<p>En cas que no vulgui exercir un dret en concret, per\u00f2 tingui la necessitat de realitzar una consulta o suggeriment en relaci\u00f3 amb el tractament de les seves dades de car\u00e0cter personal tamb\u00e9 podr\u00e0 adre\u00e7ar-se al Responsable del Tractament corresponent, (contemplat a l\u2019encap\u00e7alament del document).<\/p>\n\n<p>Tingui en compte que sempre, en tot cas, podr\u00e0 presentar una reclamaci\u00f3 davant l\u2019Autoritat Competent en mat\u00e8ria de protecci\u00f3 de dades si considera que no hem tractat les seves dades de forma l\u00edcita o que no hem at\u00e8s les seves sol\u00b7licituds o drets. A Espanya, aquesta Autoritat Competent \u00e9s l\u2019 Ag\u00e8ncia Espanyola de Protecci\u00f3 de Dades. <\/p>\n\n<h2 class=\"wp-block-heading\"><strong>Consentiment menors, qu\u00e8 passa si ets menor d\u2019edat?<\/strong><\/h2>\n\n<p>En el sup\u00f2sit que alguns dels nostres serveis vagin dirigits espec\u00edficament a menors de catorze anys, sol\u00b7licitarem la conformitat dels pares o tutors per a la recollida de les dades personals o, si s\u2019escau, per al tractament automatitzat de les dades conforme l\u2019article 7 de la LOPDGDD.<\/p>\n\n<h2 class=\"wp-block-heading\"><strong>Exactitud, veracitat i seguretat de les dades, com tractem les teves dades?<\/strong><\/h2>\n\n<p>L\u2019Usuari \u00e9s l\u2019\u00fanic responsable de la veracitat i correcci\u00f3 de les dades incloses, exonerant-nos de qualsevol responsabilitat al respecte. Els usuaris garanteixen i responen, en qualsevol cas, de l\u2019 exactitud, vig\u00e8ncia i autenticitat de les dades personals facilitades, i es comprometen a mantenir-les degudament actualitzades. L\u2019usuari accepta proporcionar informaci\u00f3 completa i correcta en els formularis de registre o subscripci\u00f3. No respondrem de la veracitat de les informacions que no siguin d\u2019 elaboraci\u00f3 pr\u00f2pia i de les quals s\u2019 indiqui una altra font, per la qual cosa tampoc assumeix cap responsabilitat quant a hipot\u00e8tics perjudicis que poguessin originar-se per l\u2019 \u00fas d\u2019 aquesta informaci\u00f3.   <\/p>\n\n<p>Tamb\u00e9 reservarem el dret a actualitzar, modificar o eliminar la informaci\u00f3 continguda a la web podent fins i tot limitar o no permetre l\u2019acc\u00e9s a aquesta informaci\u00f3.<\/p>\n\n<p>No serem responsables davant de qualsevol dany o perjudici que pogu\u00e9s patir l\u2019 Usuari com a conseq\u00fc\u00e8ncia d\u2019 errors, defectes o omissions, en la informaci\u00f3 facilitada pel responsable sempre que procedeixi de fonts alienes.<\/p>\n\n<p>Les dades seran tractades de forma confidencial i sota el sotmetiment a mesures t\u00e8cniques i organitzatives de seguretat adequades per evitar la seva alteraci\u00f3, p\u00e8rdua, tractament o acc\u00e9s no autoritzat.<\/p>\n\n<p>Podr\u00e0 presentar una reclamaci\u00f3 davant l\u2019Ag\u00e8ncia Espanyola de Protecci\u00f3 de Dades, especialment quan no hagi obtingut satisfacci\u00f3 en l\u2019exercici dels seus drets, a l\u2019adre\u00e7a postal i\/o electr\u00f2nica indicada a la p\u00e0gina <a href=\"http:\/\/www.aepd.es\">www.aepd.es<\/a>.<\/p>\n","protected":false},"excerpt":{"rendered":"<p>La present Pol\u00edtica de Privacitat regula l\u2019 \u00fas del servei del portal d\u2019 Internet amb https:\/\/biofarmcheck.com\/ el responsable del qual a efectes identificatius \u00e9s: Finalitat, per a qu\u00e8 tractem les seves dades? A l\u2019efecte del que preveu el RGPD de 27 d\u2019abril de 2016, i la LO 3\/2018, tractarem les dades que recollim per a [&hellip;]<\/p>\n","protected":false},"author":1,"featured_media":0,"parent":0,"menu_order":0,"comment_status":"closed","ping_status":"closed","template":"","meta":{"footnotes":""},"class_list":["post-988","page","type-page","status-publish","hentry"],"_links":{"self":[{"href":"https:\/\/biofarmcheck.com\/ca\/wp-json\/wp\/v2\/pages\/988","targetHints":{"allow":["GET"]}}],"collection":[{"href":"https:\/\/biofarmcheck.com\/ca\/wp-json\/wp\/v2\/pages"}],"about":[{"href":"https:\/\/biofarmcheck.com\/ca\/wp-json\/wp\/v2\/types\/page"}],"author":[{"embeddable":true,"href":"https:\/\/biofarmcheck.com\/ca\/wp-json\/wp\/v2\/users\/1"}],"replies":[{"embeddable":true,"href":"https:\/\/biofarmcheck.com\/ca\/wp-json\/wp\/v2\/comments?post=988"}],"version-history":[{"count":3,"href":"https:\/\/biofarmcheck.com\/ca\/wp-json\/wp\/v2\/pages\/988\/revisions"}],"predecessor-version":[{"id":1068,"href":"https:\/\/biofarmcheck.com\/ca\/wp-json\/wp\/v2\/pages\/988\/revisions\/1068"}],"wp:attachment":[{"href":"https:\/\/biofarmcheck.com\/ca\/wp-json\/wp\/v2\/media?parent=988"}],"curies":[{"name":"wp","href":"https:\/\/api.w.org\/{rel}","templated":true}]}}