{"id":1008,"date":"2024-05-09T09:59:24","date_gmt":"2024-05-09T09:59:24","guid":{"rendered":"https:\/\/biofarmcheck.com\/legal-notice\/"},"modified":"2024-05-15T08:42:35","modified_gmt":"2024-05-15T08:42:35","slug":"legal-notice","status":"publish","type":"page","link":"https:\/\/biofarmcheck.com\/es\/legal-notice\/","title":{"rendered":"Aviso Legal"},"content":{"rendered":"\n<p>El presente Aviso Legal regula el uso del servicio del portal de Internet con <strong><strong><strong><strong><strong><strong> https:\/\/biofarmcheck.com\/<\/strong><\/strong><\/strong><\/strong><\/strong><\/strong> cuyo responsable a efectos identificativos es: <\/p>\n\n<ul class=\"wp-block-list\">\n<li>Responsable: <strong><strong><strong><strong><strong><strong><strong>by-nunaSolutions, sl<\/strong><\/strong><\/strong><\/strong><\/strong><\/strong><\/strong>(CIF: B65573784)<\/li>\n\n\n\n<li>Mail: <a href=\"mailto:info@nunasolutions.com\">info@nunasolutions.com<\/a><\/li>\n<\/ul>\n\n<h2 class=\"wp-block-heading\"><strong>Legislaci\u00f3n<\/strong><\/h2>\n\n<p>Con car\u00e1cter general las relaciones entre<strong><strong><strong><strong><strong><strong><strong>by-nunaSolutions, sl<\/strong><\/strong><\/strong><\/strong><\/strong><\/strong><\/strong> con los Usuarios de sus servicios telem\u00e1ticos, presentes en la Web, se encuentran sometidas a la legislaci\u00f3n y jurisdicci\u00f3n espa\u00f1olas.<\/p>\n\n<p>Las partes renuncian expresamente al fuero que les pudiera corresponder y someten expresamente a los Juzgados y Tribunales de EL VENDRELL, para resolver cualquier controversia que pueda surgir en la interpretaci\u00f3n o ejecuci\u00f3n de las presentes condiciones contractuales.<\/p>\n\n<h2 class=\"wp-block-heading\"><strong>Contenido y uso<\/strong><\/h2>\n\n<p>El Usuario queda informado, y acepta, que el acceso a la presente web no supone, en modo alguno, el inicio de una relaci\u00f3n comercial con <strong><strong><strong><strong><strong><strong><strong>by-nunaSolutions, sl<\/strong><\/strong><\/strong><\/strong><\/strong><\/strong><\/strong><\/p>\n\n<p>El titular del Web no se identifica con las opiniones vertidas en el mismo por sus colaboradores. La Empresa se reserva el derecho de efectuar sin previo aviso las modificaciones que considere oportunas en su Web, pudiendo cambiar, suprimir o a\u00f1adir tanto los contenidos y servicios que se presten a trav\u00e9s de la misma como la forma en la que \u00e9stos aparezcan presentados o localizados en sus servidores. <\/p>\n\n<h2 class=\"wp-block-heading\"><strong>Propiedad intelectual e industrial<\/strong><\/h2>\n\n<p><strong><strong><strong><strong><strong><strong>by-nunaSolutions, sl<\/strong><\/strong><\/strong><\/strong><\/strong><\/strong>, is the owner of the intellectual property rights of its website\u2019s content, graphic design and codes; therefore, its reproduction, distribution, public communication, transformation or any other activity performed with the webpage\u2019s content is prohibited (even if the sources were mentioned), unless written consent is given by <strong><strong><strong><strong><strong><strong>by-nunaSolutions, sl<\/strong><\/strong><\/strong><\/strong><\/strong>.<\/strong> Este website y los contenidos que alberga se encuentran protegidos por las leyes de Propiedad Intelectual. No podr\u00e1n ser objeto de explotaci\u00f3n, reproducci\u00f3n, distribuci\u00f3n, modificaci\u00f3n, comunicaci\u00f3n p\u00fablica, cesi\u00f3n o transformaci\u00f3n. El acceso a este website no otorga a los usuarios derecho, ni titularidad alguna sobre los derechos de propiedad intelectual de los contenidos que alberga este website.<\/p>\n\n<p>El contenido de este website puede ser descargado al terminal del usuario (download), siempre que sea para su uso privado y sin ning\u00fan fin comercial; por lo tanto, no podr\u00e1 explotar, reproducir, distribuir, modificar, comunicar p\u00fablicamente, ceder, transformar o usar el contenido de este website con fines p\u00fablicos o comerciales.<\/p>\n\n<p>El nombre comercial, las marcas, logo, productos y servicios que contiene este website se encuentran protegidos por ley.<\/p>\n\n<p><strong><strong><strong><strong><strong><strong><strong>by-nunaSolutions, sl<\/strong><\/strong><\/strong><\/strong><\/strong><\/strong><\/strong>se reserva la posibilidad de ejercer las acciones judiciales que correspondan contra los usuarios que violen o infrinjan los derechos de propiedad intelectual.<\/p>\n\n<h2 class=\"wp-block-heading\"><strong>Enlaces (Links)<\/strong><\/h2>\n\n<p>La presencia de enlaces (links) en las p\u00e1ginas web de <strong><strong><strong><strong><strong><strong>by-nunaSolutions, sl<\/strong><\/strong><\/strong><\/strong><\/strong><\/strong>, tiene finalidad meramente informativa y en ning\u00fan caso supone sugerencia, invitaci\u00f3n o recomendaci\u00f3n sobre los mismos.<\/p>\n","protected":false},"excerpt":{"rendered":"<p>El presente Aviso Legal regula el uso del servicio del portal de Internet con https:\/\/biofarmcheck.com\/ cuyo responsable a efectos identificativos es: Legislaci\u00f3n Con car\u00e1cter general las relaciones entreby-nunaSolutions, sl con los Usuarios de sus servicios telem\u00e1ticos, presentes en la Web, se encuentran sometidas a la legislaci\u00f3n y jurisdicci\u00f3n espa\u00f1olas. Las partes renuncian expresamente al fuero [&hellip;]<\/p>\n","protected":false},"author":1,"featured_media":0,"parent":0,"menu_order":0,"comment_status":"closed","ping_status":"closed","template":"","meta":{"footnotes":""},"class_list":["post-1008","page","type-page","status-publish","hentry"],"_links":{"self":[{"href":"https:\/\/biofarmcheck.com\/es\/wp-json\/wp\/v2\/pages\/1008","targetHints":{"allow":["GET"]}}],"collection":[{"href":"https:\/\/biofarmcheck.com\/es\/wp-json\/wp\/v2\/pages"}],"about":[{"href":"https:\/\/biofarmcheck.com\/es\/wp-json\/wp\/v2\/types\/page"}],"author":[{"embeddable":true,"href":"https:\/\/biofarmcheck.com\/es\/wp-json\/wp\/v2\/users\/1"}],"replies":[{"embeddable":true,"href":"https:\/\/biofarmcheck.com\/es\/wp-json\/wp\/v2\/comments?post=1008"}],"version-history":[{"count":5,"href":"https:\/\/biofarmcheck.com\/es\/wp-json\/wp\/v2\/pages\/1008\/revisions"}],"predecessor-version":[{"id":1063,"href":"https:\/\/biofarmcheck.com\/es\/wp-json\/wp\/v2\/pages\/1008\/revisions\/1063"}],"wp:attachment":[{"href":"https:\/\/biofarmcheck.com\/es\/wp-json\/wp\/v2\/media?parent=1008"}],"curies":[{"name":"wp","href":"https:\/\/api.w.org\/{rel}","templated":true}]}}