{"id":1004,"date":"2024-05-09T09:59:24","date_gmt":"2024-05-09T09:59:24","guid":{"rendered":"https:\/\/biofarmcheck.com\/legal-notice\/"},"modified":"2024-05-15T08:44:54","modified_gmt":"2024-05-15T08:44:54","slug":"legal-notice","status":"publish","type":"page","link":"https:\/\/biofarmcheck.com\/fr\/legal-notice\/","title":{"rendered":"Avis Juridique"},"content":{"rendered":"\n<p>Le pr\u00e9sent avis juridique r\u00e9git l\u2019utilisation du service du portail Internet avec <strong><strong><strong><strong><strong><strong>https:\/\/biofarmcheck.com<\/strong><\/strong><\/strong><\/strong><\/strong><\/strong> dont le responsable \u00e0 des fins d\u2019identification est: <\/p>\n\n<ul class=\"wp-block-list\">\n<li>Responsable: <strong><strong><strong><strong><strong><strong><strong>by-nunaSolutions, sl<\/strong><\/strong><\/strong><\/strong><\/strong><\/strong><\/strong>(CIF: B65573784)<\/li>\n\n\n\n<li>Courrier : <a href=\"mailto:info@nunasolutions.com\">info@nunasolutions.com<\/a><\/li>\n<\/ul>\n\n<h2 class=\"wp-block-heading\"><strong>L\u00e9gislation<\/strong><\/h2>\n\n<p>En g\u00e9n\u00e9ral, les relations entre<strong><strong><strong><strong><strong><strong><strong>by-nunaSolutions, sl<\/strong><\/strong><\/strong><\/strong><\/strong><\/strong><\/strong> et les utilisateurs de ses services t\u00e9l\u00e9matiques, pr\u00e9sents sur le Web, sont soumises \u00e0 la l\u00e9gislation et \u00e0 la juridiction espagnoles.<\/p>\n\n<p>Les parties renoncent express\u00e9ment \u00e0 la juridiction qui pourrait leur correspondre et se soumettent express\u00e9ment aux Cours et Tribunaux d\u2019EL VENDRELL, pour r\u00e9soudre tout litige qui pourrait survenir dans l\u2019interpr\u00e9tation ou l\u2019ex\u00e9cution des pr\u00e9sentes conditions contractuelles.<\/p>\n\n<h2 class=\"wp-block-heading\"><strong>Contenu et utilisation<\/strong><\/h2>\n\n<p>L\u2019utilisateur est inform\u00e9 et accepte que l\u2019acc\u00e8s \u00e0 ce site Web n\u2019implique en aucun cas le d\u00e9but d\u2019une relation commerciale avec <strong><strong><strong><strong><strong><strong><strong>by-nunaSolutions, sl<\/strong><\/strong><\/strong><\/strong><\/strong><\/strong><\/strong><\/p>\n\n<p>Le propri\u00e9taire du Web ne s\u2019identifie pas aux opinions qui y sont exprim\u00e9es par ses collaborateurs. La Soci\u00e9t\u00e9 se r\u00e9serve le droit d\u2019effectuer sans pr\u00e9avis les modifications qu\u2019elle juge appropri\u00e9es sur son site Web, en pouvant changer, supprimer ou ajouter \u00e0 la fois les contenus et services fournis par son interm\u00e9diaire et la mani\u00e8re dont ils sont pr\u00e9sent\u00e9s ou situ\u00e9s sur leurs serveurs. <\/p>\n\n<h2 class=\"wp-block-heading\"><strong>Propri\u00e9t\u00e9 intellectuelle et industrielle<\/strong><\/h2>\n\n<p><strong><strong><strong><strong><strong><strong>by-nunaSolutions, sl<\/strong><\/strong><\/strong><\/strong><\/strong><\/strong>, is the owner of the intellectual property rights of its website\u2019s content, graphic design and codes; therefore, its reproduction, distribution, public communication, transformation or any other activity performed with the webpage\u2019s content is prohibited (even if the sources were mentioned), unless written consent is given by <strong><strong><strong><strong><strong><strong>by-nunaSolutions, sl<\/strong><\/strong><\/strong><\/strong><\/strong>.<\/strong> All the commercial names, trademarks and distinctive signs of any kind contained on the Company\u2019s website are the property of its owners and protected by law.<\/p>\n\n<p>Ce site Web et son contenu sont prot\u00e9g\u00e9s par les lois sur la propri\u00e9t\u00e9 intellectuelle. Ils ne peuvent \u00eatre exploit\u00e9s, reproduits, distribu\u00e9s, modifi\u00e9s, communiqu\u00e9s publiquement, transf\u00e9r\u00e9s ou transform\u00e9s. L\u2019acc\u00e8s \u00e0 ce site Web ne conf\u00e8re aux utilisateurs aucun droit ou propri\u00e9t\u00e9 sur les droits de propri\u00e9t\u00e9 intellectuelle des contenus h\u00e9berg\u00e9s sur ce site.<\/p>\n\n<p>Le nom commercial, les marques de commerce, le logo, les produits et services contenus dans ce site Web sont prot\u00e9g\u00e9s par la loi.<\/p>\n\n<p><strong><strong><strong><strong><strong><strong><strong>by-nunaSolutions, sl <\/strong><\/strong><\/strong><\/strong><\/strong><\/strong><\/strong>se r\u00e9serve le droit d\u2019intenter une action en justice contre les utilisateurs qui violent ou enfreignent les droits de propri\u00e9t\u00e9 intellectuelle.<\/p>\n\n<h2 class=\"wp-block-heading\"><strong>Liens<\/strong><\/h2>\n\n<p>La pr\u00e9sence de liens sur les pages Web de <strong><strong><strong><strong><strong><strong>by-nunaSolutions, sl<\/strong><\/strong><\/strong><\/strong><\/strong><\/strong>, est \u00e0 titre informatif uniquement et n\u2019implique en aucun cas une suggestion, une invitation ou une recommandation \u00e0 leur sujet.<\/p>\n","protected":false},"excerpt":{"rendered":"<p>Le pr\u00e9sent avis juridique r\u00e9git l\u2019utilisation du service du portail Internet avec https:\/\/biofarmcheck.com dont le responsable \u00e0 des fins d\u2019identification est: L\u00e9gislation En g\u00e9n\u00e9ral, les relations entreby-nunaSolutions, sl et les utilisateurs de ses services t\u00e9l\u00e9matiques, pr\u00e9sents sur le Web, sont soumises \u00e0 la l\u00e9gislation et \u00e0 la juridiction espagnoles. Les parties renoncent express\u00e9ment \u00e0 la [&hellip;]<\/p>\n","protected":false},"author":1,"featured_media":0,"parent":0,"menu_order":0,"comment_status":"closed","ping_status":"closed","template":"","meta":{"footnotes":""},"class_list":["post-1004","page","type-page","status-publish","hentry"],"_links":{"self":[{"href":"https:\/\/biofarmcheck.com\/fr\/wp-json\/wp\/v2\/pages\/1004","targetHints":{"allow":["GET"]}}],"collection":[{"href":"https:\/\/biofarmcheck.com\/fr\/wp-json\/wp\/v2\/pages"}],"about":[{"href":"https:\/\/biofarmcheck.com\/fr\/wp-json\/wp\/v2\/types\/page"}],"author":[{"embeddable":true,"href":"https:\/\/biofarmcheck.com\/fr\/wp-json\/wp\/v2\/users\/1"}],"replies":[{"embeddable":true,"href":"https:\/\/biofarmcheck.com\/fr\/wp-json\/wp\/v2\/comments?post=1004"}],"version-history":[{"count":5,"href":"https:\/\/biofarmcheck.com\/fr\/wp-json\/wp\/v2\/pages\/1004\/revisions"}],"predecessor-version":[{"id":1065,"href":"https:\/\/biofarmcheck.com\/fr\/wp-json\/wp\/v2\/pages\/1004\/revisions\/1065"}],"wp:attachment":[{"href":"https:\/\/biofarmcheck.com\/fr\/wp-json\/wp\/v2\/media?parent=1004"}],"curies":[{"name":"wp","href":"https:\/\/api.w.org\/{rel}","templated":true}]}}