{"id":974,"date":"2024-05-06T14:49:23","date_gmt":"2024-05-06T14:49:23","guid":{"rendered":"https:\/\/biofarmcheck.com\/cookies-policy\/"},"modified":"2024-05-15T08:35:46","modified_gmt":"2024-05-15T08:35:46","slug":"cookies-policy","status":"publish","type":"page","link":"https:\/\/biofarmcheck.com\/fr\/cookies-policy\/","title":{"rendered":"Politique de cookies"},"content":{"rendered":"\n<p>Ce site utilise des Cookies pour am\u00e9liorer et optimiser l\u2019exp\u00e9rience utilisateur. Vous trouverez ci-dessous des informations d\u00e9taill\u00e9es sur ce que sont les \u00ab Cookies \u00bb, quel type de cookies ce site Web utilise, comment vous pouvez les d\u00e9sactiver dans votre navigateur et comment bloquer sp\u00e9cifiquement l\u2019installation de Cookies tiers. <\/p>\n\n<p><strong>Que sont les cookies et comment le site Web by-nunaSolutions, sl les utilise-t-il?<\/strong><\/p>\n\n<p>Les cookies sont des fichiers que le site Web ou l\u2019application que vous utilisez installe dans votre navigateur ou sur votre appareil (Smartphone, tablette\u2026) lors de votre parcours \u00e0 travers les pages ou l\u2019application, et servent \u00e0 stocker des informations sur votre visite. Comme la plupart des sites Web, le portail Web <strong><strong><strong>by-nunaSolutions, sl<\/strong><\/strong><\/strong> utilise des cookies pour:  <\/p>\n\n<ol class=\"wp-block-list\">\n<li>S\u2019assurer que les pages Web peuvent fonctionner correctement.<\/li>\n\n\n\n<li>Enregistrer vos pr\u00e9f\u00e9rences, telles que la langue que vous avez s\u00e9lectionn\u00e9e ou la taille de la police.<\/li>\n\n\n\n<li>Conna\u00eetre votre exp\u00e9rience de navigation.<\/li>\n\n\n\n<li>Recueillir des informations statistiques anonymes, telles que les pages que vous avez consult\u00e9es ou depuis combien de temps vous \u00eates dans nos m\u00e9dias.<\/li>\n<\/ol>\n\n<p>L\u2019utilisation de cookies nous permet d\u2019optimiser votre navigation, en adaptant les informations et les services propos\u00e9s \u00e0 vos int\u00e9r\u00eats, afin de vous offrir une meilleure exp\u00e9rience chaque fois que vous nous visitez. Les sites Web de <strong><strong><strong>by-nunaSolutions, sl<\/strong><\/strong><\/strong> utilisent des Cookies pour fonctionner, adapter et faciliter autant que possible la navigation de l\u2019Utilisateur. <\/p>\n\n<p>Les cookies ne sont associ\u00e9s qu\u2019\u00e0 un utilisateur anonyme et \u00e0 son ordinateur \/ appareil et ne fournissent pas de r\u00e9f\u00e9rences permettant de conna\u00eetre les donn\u00e9es personnelles. \u00c0 tout moment, vous pouvez acc\u00e9der \u00e0 la configuration de votre navigateur pour modifier et \/ ou bloquer l\u2019installation de cookies \u00e9mis par le site Web <strong><strong><strong>by-nunaSolutions, sl<\/strong><\/strong><\/strong>, sans entraver l\u2019acc\u00e8s au contenu. Toutefois, la qualit\u00e9 de fonctionnement des Services peut en \u00eatre affect\u00e9e.  <\/p>\n\n<p>Les utilisateurs qui terminent le processus d\u2019inscription ou se sont connect\u00e9s avec leurs donn\u00e9es d\u2019acc\u00e8s pourront acc\u00e9der \u00e0 des services personnalis\u00e9s adapt\u00e9s \u00e0 leurs pr\u00e9f\u00e9rences en fonction des informations personnelles fournies au moment de l\u2019inscription et stock\u00e9es dans le cookie de leur navigateur.<\/p>\n\n<ol class=\"wp-block-list\">\n<li>Les cookies d\u2019authentification sont par d\u00e9faut des cookies temporaires (par session) non persistants, cependant, les utilisateurs peuvent les rendre persistants en cochant la case \u00ab M\u00e9moriser la connexion \u00bb dans le contr\u00f4le d\u2019acc\u00e8s. Pour les utilisateurs enregistr\u00e9s. <\/li>\n\n\n\n<li>Les cookies de session, qui se produisent lors de la connexion, ont une dur\u00e9e de 30 minutes \u00e0 compter de la derni\u00e8re p\u00e9riode d\u2019activit\u00e9. Pour les utilisateurs enregistr\u00e9s. <\/li>\n\n\n\n<li>Un cookie appel\u00e9 \u00ab langue \u00bb est cr\u00e9\u00e9 pour stocker la langue \u2013 dans une installation monolingue, il s\u2019agit simplement de la langue par d\u00e9faut du navigateur, mais si le site prend en charge plusieurs langues, elle peut \u00eatre diff\u00e9rente en fonction de la langue s\u00e9lectionn\u00e9e. Pour tous les types d\u2019utilisateurs. <\/li>\n<\/ol>\n\n<p><strong>Comment puis-je configurer mes cookies ?<\/strong><\/p>\n\n<ol class=\"wp-block-list\">\n<li>En naviguant et en continuant sur notre site Web, vous consentez \u00e0 l\u2019utilisation de cookies dans les conditions contenues dans la pr\u00e9sente politique de cookies. <strong><strong><strong>by-nunaSolutions, sl<\/strong><\/strong><\/strong>donne acc\u00e8s \u00e0 cette politique de cookies au moment de l\u2019inscription afin que l\u2019utilisateur puisse en \u00eatre inform\u00e9, et sans pr\u00e9judice du fait qu\u2019il peut exercer son droit de bloquer, supprimer et refuser l\u2019utilisation de Cookies \u00e0 tout moment. <\/li>\n\n\n\n<li>Dans tous les cas, nous vous informons que, puisque les cookies ne sont pas n\u00e9cessaires \u00e0 l\u2019utilisation de notre site Web, vous pouvez les bloquer ou les d\u00e9sactiver en activant la configuration de votre navigateur, ce qui vous permet de refuser l\u2019installation de tous les cookies ou de certains d\u2019entre eux. La plupart des navigateurs vous permettent d\u2019avertir de la pr\u00e9sence de Cookies ou de les rejeter automatiquement. Si vous les refusez, vous pouvez continuer \u00e0 utiliser notre site Web, bien que l\u2019utilisation de certains de ses services puisse \u00eatre limit\u00e9e et donc votre exp\u00e9rience sur notre site Web moins satisfaisante.  <\/li>\n<\/ol>\n\n<p><strong>Comment puis-je bloquer ou autoriser les cookies ?<\/strong><\/p>\n\n<p>L\u2019utilisateur peut -\u00e0 tout moment- choisir les cookies qu\u2019il souhaite faire fonctionner sur ce site en:<\/p>\n\n<ul class=\"wp-block-list\">\n<li>Param\u00e8tres du <strong>navigateur <\/strong> ; par exemple :\n<ul class=\"wp-block-list\">\n<li><strong>Chrome<\/strong>, \u00e0 partir de <a href=\"http:\/\/support.google.com\/chrome\/bin\/answer.py?hl=es&amp;answer=95647\">http:\/\/support.google.com\/chrome\/bin\/answer.py?hl=es&amp;answer=95647<\/a><\/li>\n\n\n\n<li><strong>Explorer<\/strong>, \u00e0 partir de <a href=\"http:\/\/windows.microsoft.com\/es-es\/windows7\/how-to-manage-cookies-in-internet-explorer-9\">http:\/\/windows.microsoft.com\/es-es\/windows7\/how-to-manage-cookies-in-internet-explorer-9<\/a><\/li>\n\n\n\n<li><strong>Firefox<\/strong>, \u00e0 partir de <a href=\"http:\/\/support.mozilla.org\/es\/kb\/habilitar-y-deshabilitar-cookies-que-los-sitios-we\">http:\/\/support.mozilla.org\/es\/kb\/habilitar-y-deshabilitar-cookies-que-los-sitios-we<\/a><\/li>\n\n\n\n<li><strong>Safari<\/strong>, \u00e0 partir de <a href=\"http:\/\/support.apple.com\/kb\/ph5042\">http:\/\/support.apple.com\/kb\/ph5042<\/a><\/li>\n<\/ul>\n<\/li>\n\n\n\n<li>Il existe des outils tiers, disponibles en ligne, qui permettent aux utilisateurs de d\u00e9tecter les cookies sur chaque site Web qu\u2019ils visitent et de g\u00e9rer leur d\u00e9sactivation.<\/li>\n<\/ul>\n","protected":false},"excerpt":{"rendered":"<p>Ce site utilise des Cookies pour am\u00e9liorer et optimiser l\u2019exp\u00e9rience utilisateur. Vous trouverez ci-dessous des informations d\u00e9taill\u00e9es sur ce que sont les \u00ab Cookies \u00bb, quel type de cookies ce site Web utilise, comment vous pouvez les d\u00e9sactiver dans votre navigateur et comment bloquer sp\u00e9cifiquement l\u2019installation de Cookies tiers. Que sont les cookies et comment [&hellip;]<\/p>\n","protected":false},"author":1,"featured_media":0,"parent":0,"menu_order":0,"comment_status":"closed","ping_status":"closed","template":"","meta":{"footnotes":""},"class_list":["post-974","page","type-page","status-publish","hentry"],"_links":{"self":[{"href":"https:\/\/biofarmcheck.com\/fr\/wp-json\/wp\/v2\/pages\/974","targetHints":{"allow":["GET"]}}],"collection":[{"href":"https:\/\/biofarmcheck.com\/fr\/wp-json\/wp\/v2\/pages"}],"about":[{"href":"https:\/\/biofarmcheck.com\/fr\/wp-json\/wp\/v2\/types\/page"}],"author":[{"embeddable":true,"href":"https:\/\/biofarmcheck.com\/fr\/wp-json\/wp\/v2\/users\/1"}],"replies":[{"embeddable":true,"href":"https:\/\/biofarmcheck.com\/fr\/wp-json\/wp\/v2\/comments?post=974"}],"version-history":[{"count":5,"href":"https:\/\/biofarmcheck.com\/fr\/wp-json\/wp\/v2\/pages\/974\/revisions"}],"predecessor-version":[{"id":1057,"href":"https:\/\/biofarmcheck.com\/fr\/wp-json\/wp\/v2\/pages\/974\/revisions\/1057"}],"wp:attachment":[{"href":"https:\/\/biofarmcheck.com\/fr\/wp-json\/wp\/v2\/media?parent=974"}],"curies":[{"name":"wp","href":"https:\/\/api.w.org\/{rel}","templated":true}]}}