{"id":990,"date":"2024-05-09T09:26:42","date_gmt":"2024-05-09T09:26:42","guid":{"rendered":"https:\/\/biofarmcheck.com\/privacy-policy\/"},"modified":"2024-05-15T08:48:42","modified_gmt":"2024-05-15T08:48:42","slug":"privacy-policy","status":"publish","type":"page","link":"https:\/\/biofarmcheck.com\/fr\/privacy-policy\/","title":{"rendered":"Politique de Confidentialit\u00e9"},"content":{"rendered":"\n<p>Cette politique de confidentialit\u00e9 r\u00e9git l\u2019utilisation du service du portail Internet avec <a href=\"https:\/\/biofarmcheck.com\/fr\/\">https:\/\/biofarmcheck.com\/<\/a> dont le responsable \u00e0 des fins d\u2019identification est:<\/p>\n\n<ul class=\"wp-block-list\">\n<li>Responsable: <strong><strong><strong><strong><strong><strong><strong>by-nunaSolutions, sl<\/strong><\/strong><\/strong><\/strong><\/strong><\/strong><\/strong> (CIF: B65573784)<\/li>\n\n\n\n<li>Courrier : <a href=\"mailto:info@nunasolutions.com\">info@nunasolutions.com<\/a><\/li>\n<\/ul>\n\n<h2 class=\"wp-block-heading\"><strong>Finalit\u00e9, pourquoi traitons-nous vos donn\u00e9es ?<\/strong><\/h2>\n\n<p>Aux fins des dispositions du RGPD du 27 avril 2016 et de LO 3\/2018, nous traiterons les donn\u00e9es que nous collectons aux fins suivantes :<\/p>\n\n<ul class=\"wp-block-list\">\n<li>Vous contacter si vous nous demandez de le faire.<\/li>\n\n\n\n<li>G\u00e9rer votre navigation sur le web, le cas \u00e9ch\u00e9ant.<\/li>\n\n\n\n<li>G\u00e9rer votre acc\u00e8s en tant qu\u2019utilisateur.<\/li>\n<\/ul>\n\n<p>Le remplissage du formulaire d\u2019inscription sera obligatoire pour acc\u00e9der et profiter de certains services offerts sur le web. Le fait de ne pas fournir les donn\u00e9es personnelles demand\u00e9es ou de ne pas accepter cette politique de confidentialit\u00e9 des donn\u00e9es implique l\u2019impossibilit\u00e9 de s\u2019inscrire, de s\u2019abonner ou de participer \u00e0 l\u2019une des promotions dans lesquelles les donn\u00e9es personnelles sont demand\u00e9es. <\/p>\n\n<h2 class=\"wp-block-heading\"><strong>L\u00e9gitimation, quelle est la l\u00e9gitimit\u00e9 du traitement de vos donn\u00e9es ?<\/strong><\/h2>\n\n<p>La base juridique pour le traitement de vos donn\u00e9es sera bas\u00e9e sur:<\/p>\n\n<ol class=\"wp-block-list\">\n<li>Le consentement de l\u2019int\u00e9ress\u00e9, pour le traitement de ses donn\u00e9es, conform\u00e9ment \u00e0 l\u2019article 6. 1. a) du R\u00e8glement g\u00e9n\u00e9ral europ\u00e9en sur la protection des donn\u00e9es. Dans ce cas, le consentement et l\u2019accord conclu avec les parties int\u00e9ress\u00e9es sont recueillis via le formulaire de contact, a permis \u00e0 l\u2019utilisateur de cocher la case <em><u>\u00ab J\u2019ai lu et j\u2019accepte la politique de confidentialit\u00e9 \u00bb.<br\/><\/u><\/em><\/li>\n\n\n\n<li>L\u2019ex\u00e9cution n\u00e9cessaire d\u2019un contrat auquel la personne concern\u00e9e est partie ou pour l\u2019application, \u00e0 la demande de cette derni\u00e8re, de mesures pr\u00e9contractuelles, conform\u00e9ment \u00e0 l\u2019article 6. 1. b) du R\u00e8glement g\u00e9n\u00e9ral europ\u00e9en sur la protection des donn\u00e9es.<\/li>\n<\/ol>\n\n<h2 class=\"wp-block-heading\"><strong>Destinataires, \u00e0 qui communiquons-nous vos donn\u00e9es ?<\/strong><\/h2>\n\n<p>Les donn\u00e9es personnelles ne seront pas transf\u00e9r\u00e9es sauf dans le respect des obligations l\u00e9galement \u00e9tablies ou pour soutenir les services li\u00e9s \u00e0 ce traitement.<\/p>\n\n<h2 class=\"wp-block-heading\"><strong>Conservation, combien de temps conservons-nous vos donn\u00e9es ?<\/strong><\/h2>\n\n<p>Nous conserverons vos donn\u00e9es personnelles pendant au moins 5 ans dans le cas o\u00f9 vous \u00eates un client et dans le strict respect des obligations l\u00e9gales \u00e9tablies dans la r\u00e9glementation.<\/p>\n\n<p>Si vous n\u2019\u00eates pas client, nous conserverons vos donn\u00e9es pendant le temps minimum n\u00e9cessaire \u00e0 la gestion de notre relation.<\/p>\n\n<h2 class=\"wp-block-heading\"><strong>Droits, quels sont vos droits lorsque vous nous fournissez vos donn\u00e9es ?<\/strong><\/h2>\n\n<p>\u00c0 la suite du traitement de vos donn\u00e9es personnelles par <strong><strong><strong><strong><strong><strong><strong>by-nunaSolutions, sl<\/strong><\/strong><\/strong><\/strong><\/strong><\/strong><\/strong> la l\u00e9gislation en vigueur vous accorde une s\u00e9rie de droits. Ci-dessous, nous offrons une explication sommaire de chaque droit, pour faciliter son exercice: <\/p>\n\n<ul class=\"wp-block-list\">\n<li><strong>Droit d\u2019acc\u00e8s<\/strong>: Vous aurez le droit de conna\u00eetre les donn\u00e9es personnelles que nous traitons \u00e0 votre sujet et les finalit\u00e9s pour lesquelles nous les traitons.  <\/li>\n\n\n\n<li><strong>Droit de rectification<\/strong>: Vos donn\u00e9es seront toujours les v\u00f4tres et, \u00e0 ce titre, vous pouvez demander leur rectification \u00e0 tout moment si celles contenues dans nos dossiers sont erron\u00e9es.<\/li>\n\n\n\n<li><strong>Droit de suppression<\/strong> : Vous pouvez demander, \u00e0 tout moment, que vos donn\u00e9es personnelles soient supprim\u00e9es de nos fichiers. Toutefois, et comme indiqu\u00e9 dans la section pr\u00e9c\u00e9dente sur la conservation des donn\u00e9es, veuillez noter que, dans certaines circonstances, le respect de la l\u00e9gislation en vigueur peut emp\u00eacher l\u2019exercice effectif de ce droit. <\/li>\n\n\n\n<li><strong>Droit d\u2019opposition<\/strong>: Vous pouvez vous opposer au traitement de vos donn\u00e9es en relation avec l\u2019une des finalit\u00e9s pour lesquelles nous traitons vos donn\u00e9es, conform\u00e9ment aux politiques de confidentialit\u00e9 applicables dans chaque cas. <\/li>\n\n\n\n<li><strong>Droit \u00e0 la portabilit\u00e9 de vos donn\u00e9es<\/strong> : Vous aurez le droit, chaque fois que cela est techniquement possible et raisonnable, de demander que les donn\u00e9es personnelles que vous nous avez fournies directement soient communiqu\u00e9es \u00e0 un autre responsable du traitement. Si possible, nous fournirons vos donn\u00e9es directement \u00e0 cet autre responsable du traitement, mais si ce n\u2019est pas le cas, nous vous les fournirons dans un format standard.    <\/li>\n\n\n\n<li><strong>Droit \u00e0 la limitation du traitement<\/strong> : Vous pouvez demander la limitation du traitement dans les cas suivants : \n<ul class=\"wp-block-list\">\n<li>Si vous pensez que les donn\u00e9es que nous d\u00e9tenons \u00e0 votre sujet ne sont pas correctes ou exactes ; <\/li>\n\n\n\n<li>Si vous consid\u00e9rez que nous ne traitons pas vos donn\u00e9es de mani\u00e8re l\u00e9gitime, mais pr\u00e9f\u00e9rez que nous limitions leur traitement \u00e0 leur \u00e9limination; <\/li>\n\n\n\n<li>Si les donn\u00e9es que nous d\u00e9tenons ne nous sont plus n\u00e9cessaires conform\u00e9ment \u00e0 la finalit\u00e9 pour laquelle nous les avons collect\u00e9es, mais que vous avez besoin que nous les conservions pour intenter des actions en justice ;<\/li>\n\n\n\n<li>Si, apr\u00e8s avoir exerc\u00e9 le droit de vous opposer \u00e0 tout traitement, vous attendez une r\u00e9ponse \u00e0 cet \u00e9gard de notre part.<\/li>\n<\/ul>\n<\/li>\n\n\n\n<li><strong>Droit \u00e0 la portabilit\u00e9 de vos donn\u00e9es <\/strong> : Vous aurez le droit, chaque fois que cela est techniquement possible et raisonnable, de demander que les donn\u00e9es personnelles que vous nous avez fournies directement soient communiqu\u00e9es \u00e0 un autre responsable du traitement. Si possible, nous fournirons vos donn\u00e9es directement \u00e0 cet autre responsable du traitement, mais si ce n\u2019est pas le cas, nous vous les fournirons dans un format standard.    <\/li>\n<\/ul>\n\n<p>Chaque fois que nous traitons vos donn\u00e9es sur la base d\u2019un consentement, vous pouvez le r\u00e9voquer \u00e0 tout moment, sans avoir de cons\u00e9quences pour vous au-del\u00e0, selon le droit exerc\u00e9, de ne pas \u00eatre en mesure de fournir certains services. <\/p>\n\n<p>L\u2019exercice des droits que vous d\u00e9tenez peut \u00eatre rendu effectif en contactant <strong><strong><strong><strong><strong><strong><strong>by-nunaSolutions, sl<\/strong><\/strong><\/strong><\/strong><\/strong><\/strong><\/strong> par l\u2019un des moyens suivants:<\/p>\n\n<ol class=\"wp-block-list\">\n<li>Par courrier \u00e0 : <a href=\"mailto:einfo@dmri.es\">info@nunasolutions.com<\/a><\/li>\n\n\n\n<li>Courrier postal adress\u00e9 au responsable du traitement correspondant. \u00e9lectronique (mentionn\u00e9 dans l\u2019en-t\u00eate du document). <\/li>\n<\/ol>\n\n<p>Si vous ne souhaitez pas exercer un droit sp\u00e9cifique, mais que vous avez besoin de faire une question ou une suggestion concernant le traitement de vos donn\u00e9es personnelles, vous pouvez \u00e9galement contacter le responsable du traitement des donn\u00e9es correspondant (mentionn\u00e9 dans l\u2019en-t\u00eate du document).<\/p>\n\n<p>Veuillez noter que vous pouvez toujours, dans tous les cas, d\u00e9poser une r\u00e9clamation aupr\u00e8s de l\u2019autorit\u00e9 comp\u00e9tente en mati\u00e8re de protection des donn\u00e9es si vous consid\u00e9rez que nous n\u2019avons pas trait\u00e9 vos donn\u00e9es l\u00e9galement ou que nous n\u2019avons pas r\u00e9pondu \u00e0 vos demandes ou \u00e0 vos droits. En Espagne, cette autorit\u00e9 comp\u00e9tente est l\u2019Agence espagnole de protection des donn\u00e9es. <\/p>\n\n<h2 class=\"wp-block-heading\"><strong>Consentements mineurs, que se passe-t-il si vous \u00eates mineur?<\/strong><\/h2>\n\n<p>Dans le cas o\u00f9 certains de nos services sont sp\u00e9cifiquement destin\u00e9s aux enfants de moins de quatorze ans, nous demanderons le consentement des parents ou tuteurs pour la collecte de donn\u00e9es personnelles ou, le cas \u00e9ch\u00e9ant, pour le traitement automatis\u00e9 des donn\u00e9es conform\u00e9ment \u00e0 l\u2019article 7 de la LOPDGDD.<\/p>\n\n<h2 class=\"wp-block-heading\"><strong>Exactitude, v\u00e9racit\u00e9 et s\u00e9curit\u00e9 des donn\u00e9es, comment traitons-nous vos donn\u00e9es ?<\/strong><\/h2>\n\n<p>L\u2019Utilisateur est seul responsable de la v\u00e9racit\u00e9 et de l\u2019exactitude des donn\u00e9es incluses, nous exon\u00e9rant de toute responsabilit\u00e9 \u00e0 cet \u00e9gard. Les utilisateurs garantissent et r\u00e9pondent, dans tous les cas, \u00e0 l\u2019exactitude, la validit\u00e9 et l\u2019authenticit\u00e9 des donn\u00e9es personnelles fournies, et s\u2019engagent \u00e0 les tenir d\u00fbment \u00e0 jour. L\u2019utilisateur s\u2019engage \u00e0 fournir des informations compl\u00e8tes et correctes dans les formulaires d\u2019inscription ou d\u2019abonnement. Nous ne serons pas responsables de la v\u00e9racit\u00e9 des informations qui ne sont pas de notre propre \u00e9laboration et dont une autre source est indiqu\u00e9e, de sorte qu\u2019il n\u2019assume aucune responsabilit\u00e9 pour les dommages hypoth\u00e9tiques qui pourraient d\u00e9couler de l\u2019utilisation de ces informations.   <\/p>\n\n<p>Nous nous r\u00e9servons \u00e9galement le droit de mettre \u00e0 jour, de modifier ou de supprimer les informations contenues sur le site Web et pouvons m\u00eame limiter ou refuser l\u2019acc\u00e8s \u00e0 ces informations.<\/p>\n\n<p>Nous ne serons pas responsables des blessures ou dommages que l\u2019Utilisateur pourrait souffrir \u00e0 la suite d\u2019erreurs, de d\u00e9fauts ou d\u2019omissions dans les informations fournies par le responsable, \u00e0 condition qu\u2019elles proviennent de sources ext\u00e9rieures.<\/p>\n\n<p>Les donn\u00e9es seront trait\u00e9es de mani\u00e8re confidentielle et soumises \u00e0 des mesures de s\u00e9curit\u00e9 techniques et organisationnelles appropri\u00e9es pour emp\u00eacher leur alt\u00e9ration, perte, traitement ou acc\u00e8s non autoris\u00e9.<\/p>\n\n<p>Vous pouvez d\u00e9poser une r\u00e9clamation aupr\u00e8s de l\u2019Agence espagnole de protection des donn\u00e9es, en particulier lorsque vous n\u2019avez pas obtenu satisfaction dans l\u2019exercice de vos droits, \u00e0 l\u2019adresse postale et \/ ou \u00e9lectronique indiqu\u00e9e \u00e0 la page <a href=\"http:\/\/www.aepd.es\">www.aepd.es<\/a>.<\/p>\n","protected":false},"excerpt":{"rendered":"<p>Cette politique de confidentialit\u00e9 r\u00e9git l\u2019utilisation du service du portail Internet avec https:\/\/biofarmcheck.com\/ dont le responsable \u00e0 des fins d\u2019identification est: Finalit\u00e9, pourquoi traitons-nous vos donn\u00e9es ? Aux fins des dispositions du RGPD du 27 avril 2016 et de LO 3\/2018, nous traiterons les donn\u00e9es que nous collectons aux fins suivantes : Le remplissage du [&hellip;]<\/p>\n","protected":false},"author":1,"featured_media":0,"parent":0,"menu_order":0,"comment_status":"closed","ping_status":"closed","template":"","meta":{"footnotes":""},"class_list":["post-990","page","type-page","status-publish","hentry"],"_links":{"self":[{"href":"https:\/\/biofarmcheck.com\/fr\/wp-json\/wp\/v2\/pages\/990","targetHints":{"allow":["GET"]}}],"collection":[{"href":"https:\/\/biofarmcheck.com\/fr\/wp-json\/wp\/v2\/pages"}],"about":[{"href":"https:\/\/biofarmcheck.com\/fr\/wp-json\/wp\/v2\/types\/page"}],"author":[{"embeddable":true,"href":"https:\/\/biofarmcheck.com\/fr\/wp-json\/wp\/v2\/users\/1"}],"replies":[{"embeddable":true,"href":"https:\/\/biofarmcheck.com\/fr\/wp-json\/wp\/v2\/comments?post=990"}],"version-history":[{"count":5,"href":"https:\/\/biofarmcheck.com\/fr\/wp-json\/wp\/v2\/pages\/990\/revisions"}],"predecessor-version":[{"id":1070,"href":"https:\/\/biofarmcheck.com\/fr\/wp-json\/wp\/v2\/pages\/990\/revisions\/1070"}],"wp:attachment":[{"href":"https:\/\/biofarmcheck.com\/fr\/wp-json\/wp\/v2\/media?parent=990"}],"curies":[{"name":"wp","href":"https:\/\/api.w.org\/{rel}","templated":true}]}}