{"id":1002,"date":"2024-05-09T09:59:24","date_gmt":"2024-05-09T09:59:24","guid":{"rendered":"https:\/\/biofarmcheck.com\/legal-notice\/"},"modified":"2025-03-26T13:38:23","modified_gmt":"2025-03-26T13:38:23","slug":"legal-notice","status":"publish","type":"page","link":"https:\/\/biofarmcheck.com\/pt-pt\/legal-notice\/","title":{"rendered":"Aviso Legal"},"content":{"rendered":"\n<p>This legal notice (hereinafter, the \u201cLegal Notice\u201d) regulates the use of the Internet portal service https:\/\/biofarmcheck.com (hereinafter, the \u201cWebsite\u201d) of <strong><strong><strong><strong>By-Nunasolutions<\/strong><\/strong><\/strong><\/strong>, with corporate address at AVDA. MOSSEN JAUME SOLER 56 LOCAL A, CALAFELL,43820, TARRAGONA and C.I.F B65573784. <\/p>\n\n<ul class=\"wp-block-list\">\n<li>Responsable: <strong><strong><strong><strong><strong>By-Nunasolutions<\/strong><\/strong><\/strong><\/strong><\/strong>(CIF: B65573784)<\/li>\n\n\n\n<li>Mail: <a href=\"mailto:info@nunasolutions.com\">info@nunasolutions.com<\/a><\/li>\n<\/ul>\n\n<h2 class=\"wp-block-heading\"><strong>Legislation<\/strong><\/h2>\n\n<p>The relationship between <strong><strong><strong><strong><strong>By-Nunasolutions<\/strong><\/strong><\/strong><\/strong><\/strong> and the Users of its remote services on the Website is subject, in general, to the legislation and jurisdiction of Spain.<\/p>\n\n<p>The parties expressly waive any other jurisdictional rights and submit expressly to the rulings of the courts and tribunals of EL VENDRELL for the settlement of any dispute that may arise in the construal or enforcement of these terms and conditions.<\/p>\n\n<h2 class=\"wp-block-heading\"><strong>Content and use<\/strong><\/h2>\n\n<p>The User is hereby informed and duly agrees that access to the website in no way constitutes the commencement of any commercial relationship with <strong><strong><strong><strong><strong>By-Nunasolutions<\/strong><\/strong><\/strong><\/strong><\/strong><\/p>\n\n<p>The owner of the Website does not necessarily identify with any opinions expressed thereon by its collaborators. The Company reserves the right to make without prior notice any changes that it may deem appropriate in its Website, to change, delete from or add to the content and services provided via the Website and to change the way in which content and services are presented and located on its servers. <\/p>\n\n<h2 class=\"wp-block-heading\"><strong>Intellectual and industrial property<\/strong><\/h2>\n\n<p><strong><strong><strong><strong>By-Nunasolutions<\/strong><\/strong><\/strong><\/strong>, is the owner of the intellectual property rights of its website\u2019s content, graphic design and codes; therefore, its reproduction, distribution, public communication, transformation or any other activity performed with the webpage\u2019s content is prohibited (even if the sources were mentioned), unless written consent is given by <strong><strong><strong><strong>By-Nunasolutions<\/strong><\/strong><\/strong>.<\/strong> All the commercial names, trademarks and distinctive signs of any kind contained on the Company\u2019s website are the property of its owners and protected by law.<\/p>\n\n<p>El contingut d\u2019aquest website pot ser descarregat al terminal de l\u2019usuari (download), sempre que sigui per al seu \u00fas privat i sense cap fi comercial; per tant, no podr\u00e0 explotar, reproduir, distribuir, modificar, comunicar p\u00fablicament, cedir, transformar o usar el contingut d\u2019aquest website amb finalitats p\u00fabliques o comercials.<\/p>\n\n<p>El nom comercial, les marques, logo, productes i serveis que cont\u00e9 aquest website es troben protegits per llei.<\/p>\n\n<p><strong><strong><strong><strong><strong>By-Nunasolutions<\/strong><\/strong><\/strong><\/strong><\/strong>es reserva la possibilitat d\u2019exercir les accions judicials que corresponguin contra els usuaris que violin o infringeixin els drets de propietat intel\u00b7lectual.<\/p>\n\n<h2 class=\"wp-block-heading\"><strong>Links<\/strong><\/h2>\n\n<p>The links provided on <strong><strong><strong><strong>By-Nunasolutions<\/strong><\/strong><\/strong><\/strong>\u2019s website serve a mere informational purpose and under no circumstance imply any suggestion, invitation or recommendation.<\/p>\n","protected":false},"excerpt":{"rendered":"<p>This legal notice (hereinafter, the \u201cLegal Notice\u201d) regulates the use of the Internet portal service https:\/\/biofarmcheck.com (hereinafter, the \u201cWebsite\u201d) of By-Nunasolutions, with corporate address at AVDA. MOSSEN JAUME SOLER 56 LOCAL A, CALAFELL,43820, TARRAGONA and C.I.F B65573784. Legislation The relationship between By-Nunasolutions and the Users of its remote services on the Website is subject, in [&hellip;]<\/p>\n","protected":false},"author":1,"featured_media":0,"parent":0,"menu_order":0,"comment_status":"closed","ping_status":"closed","template":"","meta":{"footnotes":""},"class_list":["post-1002","page","type-page","status-publish","hentry"],"_links":{"self":[{"href":"https:\/\/biofarmcheck.com\/pt-pt\/wp-json\/wp\/v2\/pages\/1002","targetHints":{"allow":["GET"]}}],"collection":[{"href":"https:\/\/biofarmcheck.com\/pt-pt\/wp-json\/wp\/v2\/pages"}],"about":[{"href":"https:\/\/biofarmcheck.com\/pt-pt\/wp-json\/wp\/v2\/types\/page"}],"author":[{"embeddable":true,"href":"https:\/\/biofarmcheck.com\/pt-pt\/wp-json\/wp\/v2\/users\/1"}],"replies":[{"embeddable":true,"href":"https:\/\/biofarmcheck.com\/pt-pt\/wp-json\/wp\/v2\/comments?post=1002"}],"version-history":[{"count":8,"href":"https:\/\/biofarmcheck.com\/pt-pt\/wp-json\/wp\/v2\/pages\/1002\/revisions"}],"predecessor-version":[{"id":1482,"href":"https:\/\/biofarmcheck.com\/pt-pt\/wp-json\/wp\/v2\/pages\/1002\/revisions\/1482"}],"wp:attachment":[{"href":"https:\/\/biofarmcheck.com\/pt-pt\/wp-json\/wp\/v2\/media?parent=1002"}],"curies":[{"name":"wp","href":"https:\/\/api.w.org\/{rel}","templated":true}]}}