{"id":769,"date":"2024-04-25T14:56:55","date_gmt":"2024-04-25T14:56:55","guid":{"rendered":"https:\/\/biofarmcheck.com\/contact\/"},"modified":"2024-08-26T04:50:06","modified_gmt":"2024-08-26T04:50:06","slug":"contact","status":"publish","type":"page","link":"https:\/\/biofarmcheck.com\/pt-pt\/contact\/","title":{"rendered":"Contact"},"content":{"rendered":"\t\t<div data-elementor-type=\"wp-page\" data-elementor-id=\"769\" class=\"elementor elementor-769 elementor-140\" data-elementor-post-type=\"page\">\n\t\t\t\t<div class=\"elementor-element elementor-element-367d1ec e-con-full e-flex e-con e-parent\" data-id=\"367d1ec\" data-element_type=\"container\" data-settings=\"{&quot;background_background&quot;:&quot;classic&quot;}\">\n\t\t<div class=\"elementor-element elementor-element-e4f9093 e-con-full e-flex e-con e-child\" data-id=\"e4f9093\" data-element_type=\"container\">\n\t\t\t\t<div class=\"elementor-element elementor-element-e39d44a elementor-widget elementor-widget-heading\" data-id=\"e39d44a\" data-element_type=\"widget\" data-widget_type=\"heading.default\">\n\t\t\t\t<div class=\"elementor-widget-container\">\n\t\t\t<style>\/*! elementor - v3.21.0 - 18-04-2024 *\/\n.elementor-heading-title{padding:0;margin:0;line-height:1}.elementor-widget-heading .elementor-heading-title[class*=elementor-size-]>a{color:inherit;font-size:inherit;line-height:inherit}.elementor-widget-heading .elementor-heading-title.elementor-size-small{font-size:15px}.elementor-widget-heading .elementor-heading-title.elementor-size-medium{font-size:19px}.elementor-widget-heading .elementor-heading-title.elementor-size-large{font-size:29px}.elementor-widget-heading .elementor-heading-title.elementor-size-xl{font-size:39px}.elementor-widget-heading .elementor-heading-title.elementor-size-xxl{font-size:59px}<\/style><h2 class=\"elementor-heading-title elementor-size-default\">Contact<\/h2>\t\t<\/div>\n\t\t\t\t<\/div>\n\t\t\t\t<\/div>\n\t\t<div class=\"elementor-element elementor-element-12ce44f e-con-full e-flex e-con e-child\" data-id=\"12ce44f\" data-element_type=\"container\">\n\t\t<div class=\"elementor-element elementor-element-e73a988 e-con-full e-flex e-con e-child\" data-id=\"e73a988\" data-element_type=\"container\">\n\t\t\t\t<div class=\"elementor-element elementor-element-82ba736 elementor-widget elementor-widget-image\" data-id=\"82ba736\" data-element_type=\"widget\" data-widget_type=\"image.default\">\n\t\t\t\t<div class=\"elementor-widget-container\">\n\t\t\t<style>\/*! elementor - v3.21.0 - 18-04-2024 *\/\n.elementor-widget-image{text-align:center}.elementor-widget-image a{display:inline-block}.elementor-widget-image a img[src$=\".svg\"]{width:48px}.elementor-widget-image img{vertical-align:middle;display:inline-block}<\/style>\t\t\t\t\t\t\t\t\t\t<img fetchpriority=\"high\" decoding=\"async\" width=\"441\" height=\"583\" src=\"https:\/\/biofarmcheck.com\/wp-content\/uploads\/2024\/05\/foto01.jpg\" class=\"attachment-large size-large wp-image-377\" alt=\"\" srcset=\"https:\/\/biofarmcheck.com\/wp-content\/uploads\/2024\/05\/foto01.jpg 441w, https:\/\/biofarmcheck.com\/wp-content\/uploads\/2024\/05\/foto01-227x300.jpg 227w\" sizes=\"(max-width: 441px) 100vw, 441px\" \/>\t\t\t\t\t\t\t\t\t\t\t\t\t<\/div>\n\t\t\t\t<\/div>\n\t\t\t\t<div class=\"elementor-element elementor-element-38d656a elementor-widget elementor-widget-text-editor\" data-id=\"38d656a\" data-element_type=\"widget\" data-widget_type=\"text-editor.default\">\n\t\t\t\t<div class=\"elementor-widget-container\">\n\t\t\t<style>\/*! elementor - v3.21.0 - 18-04-2024 *\/\n.elementor-widget-text-editor.elementor-drop-cap-view-stacked .elementor-drop-cap{background-color:#69727d;color:#fff}.elementor-widget-text-editor.elementor-drop-cap-view-framed .elementor-drop-cap{color:#69727d;border:3px solid;background-color:transparent}.elementor-widget-text-editor:not(.elementor-drop-cap-view-default) .elementor-drop-cap{margin-top:8px}.elementor-widget-text-editor:not(.elementor-drop-cap-view-default) .elementor-drop-cap-letter{width:1em;height:1em}.elementor-widget-text-editor .elementor-drop-cap{float:left;text-align:center;line-height:1;font-size:50px}.elementor-widget-text-editor .elementor-drop-cap-letter{display:inline-block}<\/style>\t\t\t\t<p>Eduard Mart\u00ednez<\/p>\n\t\t\t\t\t\t<\/div>\n\t\t\t\t<\/div>\n\t\t\t\t<div class=\"elementor-element elementor-element-be65803 elementor-widget elementor-widget-text-editor\" data-id=\"be65803\" data-element_type=\"widget\" data-widget_type=\"text-editor.default\">\n\t\t\t\t<div class=\"elementor-widget-container\">\n\t\t\t\t\t\t\tGeneral manager\n\t\t\t\t\t\t<\/div>\n\t\t\t\t<\/div>\n\t\t\t\t<div class=\"elementor-element elementor-element-8ce7b77 elementor-widget elementor-widget-text-editor\" data-id=\"8ce7b77\" data-element_type=\"widget\" data-widget_type=\"text-editor.default\">\n\t\t\t\t<div class=\"elementor-widget-container\">\n\t\t\t\t\t\t\t<p><a href=\"mailto:eduard@nunasolutions.com\" target=\"_blank\" rel=\"noopener\">eduard@nunasolutions.com<\/a><\/p>\n\t\t\t\t\t\t<\/div>\n\t\t\t\t<\/div>\n\t\t\t\t<\/div>\n\t\t<div class=\"elementor-element elementor-element-7ad60e3 e-con-full e-flex e-con e-child\" data-id=\"7ad60e3\" data-element_type=\"container\">\n\t\t\t\t<div class=\"elementor-element elementor-element-6ef83db elementor-widget elementor-widget-image\" data-id=\"6ef83db\" data-element_type=\"widget\" data-widget_type=\"image.default\">\n\t\t\t\t<div class=\"elementor-widget-container\">\n\t\t\t\t\t\t\t\t\t\t\t\t\t<img decoding=\"async\" width=\"442\" height=\"583\" src=\"https:\/\/biofarmcheck.com\/wp-content\/uploads\/2024\/05\/foto02.jpg\" class=\"attachment-large size-large wp-image-382\" alt=\"\" srcset=\"https:\/\/biofarmcheck.com\/wp-content\/uploads\/2024\/05\/foto02.jpg 442w, https:\/\/biofarmcheck.com\/wp-content\/uploads\/2024\/05\/foto02-227x300.jpg 227w\" sizes=\"(max-width: 442px) 100vw, 442px\" \/>\t\t\t\t\t\t\t\t\t\t\t\t\t<\/div>\n\t\t\t\t<\/div>\n\t\t\t\t<div class=\"elementor-element elementor-element-d46524b elementor-widget elementor-widget-text-editor\" data-id=\"d46524b\" data-element_type=\"widget\" data-widget_type=\"text-editor.default\">\n\t\t\t\t<div class=\"elementor-widget-container\">\n\t\t\t\t\t\t\t<p>Jordi S\u00e1nchez<\/p>\n\t\t\t\t\t\t<\/div>\n\t\t\t\t<\/div>\n\t\t\t\t<div class=\"elementor-element elementor-element-125a812 elementor-widget elementor-widget-text-editor\" data-id=\"125a812\" data-element_type=\"widget\" data-widget_type=\"text-editor.default\">\n\t\t\t\t<div class=\"elementor-widget-container\">\n\t\t\t\t\t\t\t<p>IT Development manager<\/p>\n\t\t\t\t\t\t<\/div>\n\t\t\t\t<\/div>\n\t\t\t\t<div class=\"elementor-element elementor-element-a5dc7c9 elementor-widget elementor-widget-text-editor\" data-id=\"a5dc7c9\" data-element_type=\"widget\" data-widget_type=\"text-editor.default\">\n\t\t\t\t<div class=\"elementor-widget-container\">\n\t\t\t\t\t\t\t<p><a href=\"mailto:jordi@nunasolutions.com\" target=\"_blank\" rel=\"noopener\">jordi@nunasolutions.com<\/a><\/p>\n\t\t\t\t\t\t<\/div>\n\t\t\t\t<\/div>\n\t\t\t\t<\/div>\n\t\t<div class=\"elementor-element elementor-element-51989af e-con-full e-flex e-con e-child\" data-id=\"51989af\" data-element_type=\"container\">\n\t\t\t\t<div class=\"elementor-element elementor-element-550b7bf elementor-widget elementor-widget-image\" data-id=\"550b7bf\" data-element_type=\"widget\" data-widget_type=\"image.default\">\n\t\t\t\t<div class=\"elementor-widget-container\">\n\t\t\t\t\t\t\t\t\t\t\t\t\t<img decoding=\"async\" width=\"441\" height=\"583\" src=\"https:\/\/biofarmcheck.com\/wp-content\/uploads\/2024\/05\/foto03.jpg\" class=\"attachment-large size-large wp-image-387\" alt=\"\" srcset=\"https:\/\/biofarmcheck.com\/wp-content\/uploads\/2024\/05\/foto03.jpg 441w, https:\/\/biofarmcheck.com\/wp-content\/uploads\/2024\/05\/foto03-227x300.jpg 227w\" sizes=\"(max-width: 441px) 100vw, 441px\" \/>\t\t\t\t\t\t\t\t\t\t\t\t\t<\/div>\n\t\t\t\t<\/div>\n\t\t\t\t<div class=\"elementor-element elementor-element-8210ca0 elementor-widget elementor-widget-text-editor\" data-id=\"8210ca0\" data-element_type=\"widget\" data-widget_type=\"text-editor.default\">\n\t\t\t\t<div class=\"elementor-widget-container\">\n\t\t\t\t\t\t\t<p>Herv\u00e8 Derrien<\/p>\t\t\t\t\t\t<\/div>\n\t\t\t\t<\/div>\n\t\t\t\t<div class=\"elementor-element elementor-element-acf1500 elementor-widget elementor-widget-text-editor\" data-id=\"acf1500\" data-element_type=\"widget\" data-widget_type=\"text-editor.default\">\n\t\t\t\t<div class=\"elementor-widget-container\">\n\t\t\t\t\t\t\t<p>Consultant French market<\/p>\n\t\t\t\t\t\t<\/div>\n\t\t\t\t<\/div>\n\t\t\t\t<div class=\"elementor-element elementor-element-a035266 elementor-widget elementor-widget-text-editor\" data-id=\"a035266\" data-element_type=\"widget\" data-widget_type=\"text-editor.default\">\n\t\t\t\t<div class=\"elementor-widget-container\">\n\t\t\t\t\t\t\t<p><a href=\"mailto:hde@nunasolutions.com\" target=\"_blank\" rel=\"noopener\">hde@nunasolutions.com<\/a><\/p>\n\t\t\t\t\t\t<\/div>\n\t\t\t\t<\/div>\n\t\t\t\t<\/div>\n\t\t\t\t<\/div>\n\t\t\t\t<\/div>\n\t\t\t\t<\/div>\n\t\t","protected":false},"excerpt":{"rendered":"<p>Contact Eduard Mart\u00ednez General manager eduard@nunasolutions.com Jordi S\u00e1nchez IT Development manager jordi@nunasolutions.com Herv\u00e8 Derrien Consultant French market hde@nunasolutions.com<\/p>\n","protected":false},"author":1,"featured_media":0,"parent":0,"menu_order":0,"comment_status":"closed","ping_status":"closed","template":"elementor_header_footer","meta":{"footnotes":""},"class_list":["post-769","page","type-page","status-publish","hentry"],"_links":{"self":[{"href":"https:\/\/biofarmcheck.com\/pt-pt\/wp-json\/wp\/v2\/pages\/769","targetHints":{"allow":["GET"]}}],"collection":[{"href":"https:\/\/biofarmcheck.com\/pt-pt\/wp-json\/wp\/v2\/pages"}],"about":[{"href":"https:\/\/biofarmcheck.com\/pt-pt\/wp-json\/wp\/v2\/types\/page"}],"author":[{"embeddable":true,"href":"https:\/\/biofarmcheck.com\/pt-pt\/wp-json\/wp\/v2\/users\/1"}],"replies":[{"embeddable":true,"href":"https:\/\/biofarmcheck.com\/pt-pt\/wp-json\/wp\/v2\/comments?post=769"}],"version-history":[{"count":4,"href":"https:\/\/biofarmcheck.com\/pt-pt\/wp-json\/wp\/v2\/pages\/769\/revisions"}],"predecessor-version":[{"id":1466,"href":"https:\/\/biofarmcheck.com\/pt-pt\/wp-json\/wp\/v2\/pages\/769\/revisions\/1466"}],"wp:attachment":[{"href":"https:\/\/biofarmcheck.com\/pt-pt\/wp-json\/wp\/v2\/media?parent=769"}],"curies":[{"name":"wp","href":"https:\/\/api.w.org\/{rel}","templated":true}]}}